{"id":977,"date":"2024-02-05T23:16:53","date_gmt":"2024-02-05T22:16:53","guid":{"rendered":"https:\/\/pretty-woman.pl\/?page_id=977"},"modified":"2024-02-05T23:59:40","modified_gmt":"2024-02-05T22:59:40","slug":"metamorfozy","status":"publish","type":"page","link":"https:\/\/pretty-woman.pl\/en\/metamorfozy\/","title":{"rendered":"Metamorfozy"},"content":{"rendered":"<p>[et_pb_section fb_built=&#8221;1&#8243; specialty=&#8221;on&#8221; background_color_1=&#8221;RGBA(255,255,255,0)&#8221; padding_top_1=&#8221;110px&#8221; padding_top_bottom_link_1=&#8221;false&#8221; padding_1_tablet=&#8221;|||&#8221; padding_1_last_edited=&#8221;off|desktop&#8221; admin_label=&#8221;Header&#8221; _builder_version=&#8221;4.18.0&#8243; background_color=&#8221;#FFFFFF&#8221; background_image=&#8221;https:\/\/pretty-woman.pl\/wp-content\/uploads\/2022\/08\/lisc-pierwszy-turkus-1.png&#8221; background_size=&#8221;initial&#8221; background_position=&#8221;top_left&#8221; custom_padding=&#8221;100px|0px|0px|0px|false|false&#8221; global_colors_info=&#8221;{}&#8221; theme_builder_area=&#8221;post_content&#8221;][et_pb_column type=&#8221;1_2&#8243; _builder_version=&#8221;4.16&#8243; custom_padding=&#8221;|||&#8221; global_colors_info=&#8221;{}&#8221; custom_padding__hover=&#8221;|||&#8221; theme_builder_area=&#8221;post_content&#8221;][et_pb_text _builder_version=&#8221;4.24.0&#8243; text_font=&#8221;||||||||&#8221; text_line_height=&#8221;2em&#8221; header_font=&#8221;||||||||&#8221; header_text_color=&#8221;#2EC7B5&#8243; header_font_size=&#8221;26px&#8221; header_line_height=&#8221;1.5em&#8221; header_6_font=&#8221;||||||||&#8221; max_width_last_edited=&#8221;off|desktop&#8221; module_alignment=&#8221;center&#8221; custom_margin=&#8221;||48px|||&#8221; custom_padding=&#8221;|||&#8221; hover_enabled=&#8221;0&#8243; text_font_size_tablet=&#8221;&#8221; text_font_size_phone=&#8221;14px&#8221; text_font_size_last_edited=&#8221;on|desktop&#8221; header_font_size_tablet=&#8221;26px&#8221; header_font_size_phone=&#8221;25px&#8221; header_font_size_last_edited=&#8221;on|tablet&#8221; locked=&#8221;off&#8221; global_colors_info=&#8221;{}&#8221; theme_builder_area=&#8221;post_content&#8221; sticky_enabled=&#8221;0&#8243;]<\/p>\n<h1 style=\"text-align: center;\">Metamorfoza 1<\/h1>\n<p>Nasza klientka przysz\u0142a wygl\u0105daj\u0105c tak jak na pierwszym zdj\u0119ciu i po 3h naszej pracy wygl\u0105da\u0142a tak\u00a0jak\u00a0na\u00a0drugim.<\/p>\n<p>\u00a0Zabiegi kt\u00f3re wykona\u0142y\u015bmy:<\/p>\n<ul>\n<li>Naturalna kolagenowa wolumetria policzk\u00f3w, brody i k\u0105t\u00f3w \u017cuchwy wykonana preparatem Karisma: natychmiastowy efekt wolumetryczny, nast\u0119pnie po czasie przechodzi w lift, a nast\u0119pnie powoduje produkcj\u0119 naturalnej w\u0142asnej tkanki, dzi\u0119ki zwi\u0119kszeniu produkcji w\u0142asnego kolagenu, co finalnie daj\u0105ce naturalny efekt wolumetryczny i wype\u0142nienia ubytk\u00f3w w tkankach powsta\u0142ych wraz z wiekiem.<\/li>\n<li>Kolagen MD-Matrix na okolice oczu i pod oczy: zniwelowanie obrz\u0119k\u00f3w limfatycznych, wyg\u0142adzenie drobnych zmarszczek, zag\u0119szczenie sk\u00f3ry i zmniejszenie cieni wok\u00f3\u0142 oczu, ujedrnienie skory, zniwelowanie nier\u00f3wno\u015bci i zag\u0142\u0119bie\u0144 pod oczami mieszcz\u0105cych si\u0119 pod workami.<\/li>\n<li>Zw\u0119\u017cenie p\u0142atk\u00f3w nosa za pomoc\u0105 toksyny botulinowej.<\/li>\n<li>Wyr\u00f3wnanie kolorytu polinukleotydami, na efekt b\u0119dzie trzeba poczeka\u0107 ok 3 tygodnie, dlatego efekt nie jest widoczny od razu: zdj\u0119cie by\u0142o robione bezpo\u015brednio po zabiegach.<\/li>\n<li>Wszystkie te zabiegi wykonano za jednym razem, co trwa\u0142o ok 3h. Jeste\u015bmy dumne z efekt\u00f3w naturalnej i bezpiecznej metamorfozy, kt\u00f3ra nie niesie za sob\u0105 \u017cadnych skutk\u00f3w ubocznych, takich jakie s\u0105 cz\u0119sto spotykane po podawaniu wype\u0142niaczy (migracje, gr\u00f3dki, opadanie owalu, oraz ryzyko zatkania naczynia, spowolnienie pracy naczy\u0144 limfatycznych, a co za tym idzie spowodowanie obrz\u0119k\u00f3w limfatycznych). Wolumetria kolagenowa dostarcza sk\u00f3rze \u201epokarmu\u201d od\u017cywia j\u0105 od wewn\u0105trz i jest zdrowa dla sk\u00f3ry\u00a0i\u00a0organizmu.<\/li>\n<\/ul>\n<p>[\/et_pb_text][\/et_pb_column][et_pb_column type=&#8221;1_2&#8243; specialty_columns=&#8221;2&#8243; _builder_version=&#8221;4.16&#8243; custom_padding=&#8221;|||&#8221; global_colors_info=&#8221;{}&#8221; custom_padding__hover=&#8221;|||&#8221; theme_builder_area=&#8221;post_content&#8221;][et_pb_row_inner _builder_version=&#8221;4.24.0&#8243; width=&#8221;88%&#8221; custom_margin_tablet=&#8221;50px||||false|false&#8221; custom_margin_phone=&#8221;0px||||false|false&#8221; custom_margin_last_edited=&#8221;on|phone&#8221; custom_padding=&#8221;0|0px|0|0px|true|false&#8221; hover_enabled=&#8221;0&#8243; border_color_all=&#8221;#FFFFFF&#8221; box_shadow_style=&#8221;preset4&#8243; box_shadow_horizontal=&#8221;80px&#8221; box_shadow_vertical=&#8221;-63px&#8221; box_shadow_spread=&#8221;9px&#8221; box_shadow_color=&#8221;#7BFCE7&#8243; global_colors_info=&#8221;{}&#8221; theme_builder_area=&#8221;post_content&#8221; border_width_all=&#8221;15px&#8221; sticky_enabled=&#8221;0&#8243; width_last_edited=&#8221;on|phone&#8221; width_tablet=&#8221;86%&#8221; width_phone=&#8221;100%&#8221;][et_pb_column_inner saved_specialty_column_type=&#8221;1_2&#8243; _builder_version=&#8221;4.16&#8243; custom_padding=&#8221;|||&#8221; global_colors_info=&#8221;{}&#8221; custom_padding__hover=&#8221;|||&#8221; theme_builder_area=&#8221;post_content&#8221;][dipl_before_after_slider _builder_version=&#8221;4.24.0&#8243; _module_preset=&#8221;default&#8221; theme_builder_area=&#8221;post_content&#8221; hover_enabled=&#8221;0&#8243; sticky_enabled=&#8221;0&#8243; title_text=&#8221;metamorfoza_1_2&#8243; before_image=&#8221;https:\/\/pretty-woman.pl\/wp-content\/uploads\/2024\/02\/metamorfoza_1_1.jpg&#8221; after_image=&#8221;https:\/\/pretty-woman.pl\/wp-content\/uploads\/2024\/02\/metamorfoza_1_2.jpg&#8221; max_height=&#8221;1000px&#8221; border_color_all=&#8221;#FFFFFF&#8221;][\/dipl_before_after_slider][\/et_pb_column_inner][\/et_pb_row_inner][et_pb_row_inner _builder_version=&#8221;4.24.0&#8243; width=&#8221;88%&#8221; custom_margin_tablet=&#8221;50px||||false|false&#8221; custom_margin_phone=&#8221;0px||||false|false&#8221; custom_margin_last_edited=&#8221;on|phone&#8221; custom_padding=&#8221;0|0px|0|0px|true|false&#8221; hover_enabled=&#8221;0&#8243; border_color_all=&#8221;#FFFFFF&#8221; box_shadow_style=&#8221;preset4&#8243; box_shadow_horizontal=&#8221;80px&#8221; box_shadow_vertical=&#8221;-63px&#8221; box_shadow_spread=&#8221;9px&#8221; box_shadow_color=&#8221;#7BFCE7&#8243; global_colors_info=&#8221;{}&#8221; theme_builder_area=&#8221;post_content&#8221; border_width_all=&#8221;15px&#8221; sticky_enabled=&#8221;0&#8243; width_last_edited=&#8221;on|phone&#8221; width_tablet=&#8221;86%&#8221; width_phone=&#8221;100%&#8221;][et_pb_column_inner saved_specialty_column_type=&#8221;1_2&#8243; _builder_version=&#8221;4.16&#8243; custom_padding=&#8221;|||&#8221; global_colors_info=&#8221;{}&#8221; custom_padding__hover=&#8221;|||&#8221; theme_builder_area=&#8221;post_content&#8221;][dipl_before_after_slider _builder_version=&#8221;4.24.0&#8243; _module_preset=&#8221;default&#8221; theme_builder_area=&#8221;post_content&#8221; hover_enabled=&#8221;0&#8243; sticky_enabled=&#8221;0&#8243; title_text=&#8221;metamorfoza_2_2&#8243; before_image=&#8221;https:\/\/pretty-woman.pl\/wp-content\/uploads\/2024\/02\/metamorfoza_2_1.jpg&#8221; after_image=&#8221;https:\/\/pretty-woman.pl\/wp-content\/uploads\/2024\/02\/metamorfoza_2_2.jpg&#8221; max_height=&#8221;1000px&#8221; border_color_all=&#8221;#FFFFFF&#8221;][\/dipl_before_after_slider][\/et_pb_column_inner][\/et_pb_row_inner][\/et_pb_column][\/et_pb_section][et_pb_section fb_built=&#8221;1&#8243; _builder_version=&#8221;4.18.0&#8243; _module_preset=&#8221;default&#8221; custom_padding=&#8221;32px|||||&#8221; global_colors_info=&#8221;{}&#8221; theme_builder_area=&#8221;post_content&#8221;][\/et_pb_section][et_pb_section fb_built=&#8221;1&#8243; admin_label=&#8221;Newsletter&#8221; _builder_version=&#8221;4.18.0&#8243; background_color_gradient_direction=&#8221;90deg&#8221; custom_margin=&#8221;90px||||false|false&#8221; custom_margin_tablet=&#8221;0px|||&#8221; custom_margin_phone=&#8221;&#8221; custom_margin_last_edited=&#8221;on|tablet&#8221; box_shadow_style=&#8221;preset7&#8243; box_shadow_horizontal=&#8221;1240px&#8221; box_shadow_vertical=&#8221;0px&#8221; box_shadow_color=&#8221;#e4edea&#8221; global_module=&#8221;145&#8243; saved_tabs=&#8221;all&#8221; global_colors_info=&#8221;{}&#8221; theme_builder_area=&#8221;post_content&#8221;][et_pb_row column_structure=&#8221;1_2,1_2&#8243; _builder_version=&#8221;4.18.0&#8243; global_colors_info=&#8221;{}&#8221; theme_builder_area=&#8221;post_content&#8221;][et_pb_column type=&#8221;1_2&#8243; _builder_version=&#8221;4.16&#8243; custom_padding=&#8221;|||&#8221; custom_padding_tablet=&#8221;|40px||&#8221; custom_padding_phone=&#8221;|||&#8221; custom_padding_last_edited=&#8221;on|desktop&#8221; global_colors_info=&#8221;{}&#8221; custom_padding__hover=&#8221;|||&#8221; theme_builder_area=&#8221;post_content&#8221;][et_pb_signup mailchimp_list=&#8221;gabinet@pretty-womanpl|fd2aaeed10&#8243; layout=&#8221;top_bottom&#8221; first_name_field=&#8221;off&#8221; last_name_field=&#8221;off&#8221; use_custom_fields=&#8221;on&#8221; success_message=&#8221;Odbierz maila i kliknij w link potwierdzaj\u0105cy subskrypcj\u0119&#8221; title=&#8221;Uzyskaj rabat 10%&#8221; button_text=&#8221;Zapisz si\u0119&#8221; description=&#8221;<\/p>\n<p>Once you are on our mailing list, you are entitled to a 10% discount on your first service. Don&#039;t forget to reprimand them!<\/p>\n<p>&#8221; _builder_version=&#8221;4.18.0&#8243; header_font=&#8221;||||||||&#8221; header_font_size=&#8221;45px&#8221; header_line_height=&#8221;1.5em&#8221; body_font=&#8221;||||||||&#8221; body_line_height=&#8221;2em&#8221; form_field_font=&#8221;||||||||&#8221; form_field_line_height=&#8221;1.5em&#8221; use_background_color=&#8221;off&#8221; custom_button=&#8221;on&#8221; button_text_size=&#8221;13px&#8221; button_text_color=&#8221;#2EC7B5&#8243; button_bg_color=&#8221;rgba(0,0,0,0)&#8221; button_bg_color_gradient_stops=&#8221;rgba(255,255,255,0) 95%|#8d8181 95%&#8221; button_bg_color_gradient_start=&#8221;rgba(255,255,255,0)&#8221; button_bg_color_gradient_start_position=&#8221;95%&#8221; button_bg_color_gradient_end=&#8221;#8d8181&#8243; button_bg_color_gradient_end_position=&#8221;95%&#8221; button_border_width=&#8221;0px&#8221; button_border_radius=&#8221;0px&#8221; button_font=&#8221;|600|||||||&#8221; button_icon=&#8221;&#xe03c;||divi||400&#8243; button_icon_placement=&#8221;left&#8221; background_layout=&#8221;light&#8221; max_width=&#8221;640px&#8221; header_font_size_tablet=&#8221;40px&#8221; header_font_size_phone=&#8221;28px&#8221; header_font_size_last_edited=&#8221;on|phone&#8221; border_radii_fields=&#8221;on|0px|0px|0px|0px&#8221; box_shadow_style_fields=&#8221;preset1&#8243; box_shadow_vertical_fields=&#8221;10px&#8221; box_shadow_blur_fields=&#8221;100px&#8221; box_shadow_spread_fields=&#8221;10px&#8221; box_shadow_color_fields=&#8221;#e4edea&#8221; global_colors_info=&#8221;{}&#8221; button_text_size__hover_enabled=&#8221;off&#8221; button_one_text_size__hover_enabled=&#8221;off&#8221; button_two_text_size__hover_enabled=&#8221;off&#8221; button_text_color__hover_enabled=&#8221;off&#8221; button_one_text_color__hover_enabled=&#8221;off&#8221; button_two_text_color__hover_enabled=&#8221;off&#8221; button_border_width__hover_enabled=&#8221;off&#8221; button_one_border_width__hover_enabled=&#8221;off&#8221; button_two_border_width__hover_enabled=&#8221;off&#8221; button_border_color__hover_enabled=&#8221;off&#8221; button_one_border_color__hover_enabled=&#8221;off&#8221; button_two_border_color__hover_enabled=&#8221;off&#8221; button_border_radius__hover_enabled=&#8221;off&#8221; button_one_border_radius__hover_enabled=&#8221;off&#8221; button_two_border_radius__hover_enabled=&#8221;off&#8221; button_letter_spacing__hover_enabled=&#8221;off&#8221; button_one_letter_spacing__hover_enabled=&#8221;off&#8221; button_two_letter_spacing__hover_enabled=&#8221;off&#8221; button_bg_color__hover_enabled=&#8221;off&#8221; button_one_bg_color__hover_enabled=&#8221;off&#8221; button_two_bg_color__hover_enabled=&#8221;off&#8221; theme_builder_area=&#8221;post_content&#8221;][et_pb_signup_custom_field field_id=&#8221;f9cccade35&#8243; field_title=&#8221;Polityka prywatno\u015bci&#8221; field_type=&#8221;checkbox&#8221; checkbox_options=&#8221;%91{%22checked%22:0,%22value%22:%22Zgoda Marketingowa na wysy\u0142anie ofert promocyjnych, wi\u0119cej informacji w naszej polityce prywatno\u015bci.%22,%22id%22:%22de958a5492%22,%22dragID%22:-1}%93&#8243; _builder_version=&#8221;4.18.0&#8243; _module_preset=&#8221;default&#8221; global_colors_info=&#8221;{}&#8221; predefined_field=&#8221;f9cccade35&#8243; theme_builder_area=&#8221;post_content&#8221;][\/et_pb_signup_custom_field][\/et_pb_signup][\/et_pb_column][et_pb_column type=&#8221;1_2&#8243; _builder_version=&#8221;4.18.0&#8243; custom_padding=&#8221;||||false|false&#8221; global_colors_info=&#8221;{}&#8221; custom_padding__hover=&#8221;|||&#8221; theme_builder_area=&#8221;post_content&#8221;][et_pb_image src=&#8221;https:\/\/pretty-woman.pl\/wp-content\/uploads\/2022\/08\/lisc-pretty-woman-2.png&#8221; title_text=&#8221;lisc pretty woman&#8221; align_tablet=&#8221;center&#8221; align_phone=&#8221;center&#8221; align_last_edited=&#8221;on|desktop&#8221; disabled_on=&#8221;on|off|off&#8221; _builder_version=&#8221;4.18.0&#8243; z_index=&#8221;446&#8243; custom_margin=&#8221;-200px|-30%|||false|false&#8221; custom_margin_tablet=&#8221;0px|30%||&#8221; custom_margin_phone=&#8221;&#8221; custom_margin_last_edited=&#8221;on|phone&#8221; global_colors_info=&#8221;{}&#8221; theme_builder_area=&#8221;post_content&#8221;][\/et_pb_image][\/et_pb_column][\/et_pb_row][\/et_pb_section]<\/p>","protected":false},"excerpt":{"rendered":"<p>Metamorfoza 1 Nasza klientka przysz\u0142a wygl\u0105daj\u0105c tak jak na pierwszym zdj\u0119ciu i po 3h naszej pracy wygl\u0105da\u0142a tak\u00a0jak\u00a0na\u00a0drugim. \u00a0Zabiegi kt\u00f3re wykona\u0142y\u015bmy: Naturalna kolagenowa wolumetria policzk\u00f3w, brody i k\u0105t\u00f3w \u017cuchwy wykonana preparatem Karisma: natychmiastowy efekt wolumetryczny, nast\u0119pnie po czasie przechodzi w lift, a nast\u0119pnie powoduje produkcj\u0119 naturalnej w\u0142asnej tkanki, dzi\u0119ki zwi\u0119kszeniu produkcji w\u0142asnego kolagenu, co finalnie [&hellip;]<\/p>","protected":false},"author":2,"featured_media":0,"parent":0,"menu_order":0,"comment_status":"closed","ping_status":"closed","template":"","meta":{"_seopress_robots_primary_cat":"","_seopress_titles_title":"","_seopress_titles_desc":"","_seopress_robots_index":"","_et_pb_use_builder":"on","_et_pb_old_content":"<!-- wp:divi\/placeholder \/-->","_et_gb_content_width":"","footnotes":""},"class_list":["post-977","page","type-page","status-publish","hentry"],"_links":{"self":[{"href":"https:\/\/pretty-woman.pl\/en\/wp-json\/wp\/v2\/pages\/977","targetHints":{"allow":["GET"]}}],"collection":[{"href":"https:\/\/pretty-woman.pl\/en\/wp-json\/wp\/v2\/pages"}],"about":[{"href":"https:\/\/pretty-woman.pl\/en\/wp-json\/wp\/v2\/types\/page"}],"author":[{"embeddable":true,"href":"https:\/\/pretty-woman.pl\/en\/wp-json\/wp\/v2\/users\/2"}],"replies":[{"embeddable":true,"href":"https:\/\/pretty-woman.pl\/en\/wp-json\/wp\/v2\/comments?post=977"}],"version-history":[{"count":7,"href":"https:\/\/pretty-woman.pl\/en\/wp-json\/wp\/v2\/pages\/977\/revisions"}],"predecessor-version":[{"id":994,"href":"https:\/\/pretty-woman.pl\/en\/wp-json\/wp\/v2\/pages\/977\/revisions\/994"}],"wp:attachment":[{"href":"https:\/\/pretty-woman.pl\/en\/wp-json\/wp\/v2\/media?parent=977"}],"curies":[{"name":"wp","href":"https:\/\/api.w.org\/{rel}","templated":true}]}}