{"id":602,"date":"2022-12-15T09:40:35","date_gmt":"2022-12-15T08:40:35","guid":{"rendered":"https:\/\/pretty-woman.pl\/?page_id=602"},"modified":"2026-04-03T16:41:48","modified_gmt":"2026-04-03T14:41:48","slug":"polinukleotydy-odmladzaja-od-wewnatrz-stymulacja-skory","status":"publish","type":"page","link":"https:\/\/pretty-woman.pl\/en\/polinukleotydy-odmladzaja-od-wewnatrz-stymulacja-skory\/","title":{"rendered":"Polinukletydy &#8211; odm\u0142adzaj\u0105 od wewn\u0105trz (stymulacja sk\u00f3ry)"},"content":{"rendered":"<p>[et_pb_section fb_built=&#8221;1&#8243; next_background_color=&#8221;#ffffff&#8221; padding_top_1=&#8221;10%&#8221; padding_top_bottom_link_1=&#8221;false&#8221; padding_1_last_edited=&#8221;off|desktop&#8221; admin_label=&#8221;Header Section&#8221; _builder_version=&#8221;4.27.4&#8243; use_background_color_gradient=&#8221;on&#8221; background_color_gradient_direction=&#8221;90deg&#8221; background_color_gradient_stops=&#8221;#ffffff 19%|rgba(226,226,234,0) 100%&#8221; background_color_gradient_overlays_image=&#8221;on&#8221; background_color_gradient_start=&#8221;#e2e2ea&#8221; background_color_gradient_start_position=&#8221;20%&#8221; background_color_gradient_end=&#8221;rgba(226,226,234,0)&#8221; background_image=&#8221;https:\/\/pretty-woman.pl\/wp-content\/uploads\/2026\/04\/Untitled-2-43.jpeg&#8221; custom_margin=&#8221;||0px||false|false&#8221; custom_padding=&#8221;6%|0px|0px|0px|false|false&#8221; bottom_divider_style=&#8221;wave2&#8243; background_last_edited=&#8221;on|phone&#8221; background_image_phone=&#8221;https:\/\/pretty-woman.pl\/wp-content\/uploads\/2022\/09\/18917630_smiling-young-woman-with-bare-shoulders-001.jpg&#8221; background_enable_image_phone=&#8221;on&#8221; background_size_phone=&#8221;cover&#8221; background_position_tablet=&#8221;top_right&#8221; background_position_phone=&#8221;top_right&#8221; background_horizontal_offset_phone=&#8221;25%&#8221; background_vertical_offset_phone=&#8221;1%&#8221; global_colors_info=&#8221;{}&#8221;][et_pb_row column_structure=&#8221;3_5,2_5&#8243; custom_padding_last_edited=&#8221;on|phone&#8221; _builder_version=&#8221;4.18.0&#8243; custom_padding=&#8221;||195px|||&#8221; custom_padding_tablet=&#8221;||50px||false|false&#8221; custom_padding_phone=&#8221;||50px||false|false&#8221; global_colors_info=&#8221;{}&#8221;][et_pb_column type=&#8221;3_5&#8243; _builder_version=&#8221;4.16&#8243; custom_padding=&#8221;|||&#8221; global_colors_info=&#8221;{}&#8221; custom_padding__hover=&#8221;|||&#8221;][et_pb_text _builder_version=&#8221;4.18.0&#8243; text_font=&#8221;Open Sans||||||||&#8221; text_line_height=&#8221;2em&#8221; header_font=&#8221;||||||||&#8221; header_font_size=&#8221;36px&#8221; header_line_height=&#8221;1.5em&#8221; header_6_font=&#8221;||||||||&#8221; background_color=&#8221;rgba(255,255,255,0.57)&#8221; width=&#8221;100%&#8221; max_width_last_edited=&#8221;off|desktop&#8221; module_alignment=&#8221;center&#8221; custom_padding=&#8221;15px|15px|15px|15px|true|true&#8221; custom_padding_tablet=&#8221;15px|15px|15px|15px|true|true&#8221; custom_padding_phone=&#8221;15px|15px|15px|15px|true|true&#8221; custom_padding_last_edited=&#8221;on|desktop&#8221; text_font_size_tablet=&#8221;&#8221; text_font_size_phone=&#8221;14px&#8221; text_font_size_last_edited=&#8221;on|desktop&#8221; header_font_size_tablet=&#8221;34px&#8221; header_font_size_phone=&#8221;25px&#8221; header_font_size_last_edited=&#8221;on|phone&#8221; global_colors_info=&#8221;{}&#8221;]<\/p>\n<h1>Polinukleotydy, odm\u0142adzaj\u0105 od wewn\u0105trz<\/h1>\n<p><span>Polinukleotydy to cz\u0105steczki przygotowane tak, aby by\u0142y wysoce biokompatybilne ze sk\u00f3r\u0105. <\/span><span>Uruchamiaj\u0105 one si\u0142y samoregeneracyjne sk\u00f3ry i normalizuj\u0105 stan sk\u00f3ry od wewn\u0105trz. Wspomagaj\u0105 napraw\u0119 kom\u00f3rek i tkanek, nowych naczy\u0144 krwiono\u015bnych itp. oraz zwi\u0119kszaj\u0105 g\u0119sto\u015b\u0107 tkanki sk\u00f3rnej, prowadz\u0105c do j\u0119drnej i zdrowej sk\u00f3ry.<\/span><\/p>\n<p><span>Zabiegi z polinukletyd\u00f3w s\u0105 u\u017cywane jako alternatywa dla zabieg\u00f3w z kwasu hialuronowego i botoksu.\u00a0<\/span><\/p>\n<p><span><\/span><\/p>\n<p>[\/et_pb_text][\/et_pb_column][et_pb_column type=&#8221;2_5&#8243; _builder_version=&#8221;4.16&#8243; custom_padding=&#8221;|||&#8221; global_colors_info=&#8221;{}&#8221; custom_padding__hover=&#8221;|||&#8221;][\/et_pb_column][\/et_pb_row][\/et_pb_section][et_pb_section fb_built=&#8221;1&#8243; admin_label=&#8221;Services&#8221; _builder_version=&#8221;4.16&#8243; custom_margin=&#8221;0px|||||&#8221; custom_padding=&#8221;0px|||||&#8221; global_colors_info=&#8221;{}&#8221;][et_pb_row _builder_version=&#8221;4.18.0&#8243; global_colors_info=&#8221;{}&#8221;][et_pb_column type=&#8221;4_4&#8243; _builder_version=&#8221;4.16&#8243; custom_padding=&#8221;|||&#8221; global_colors_info=&#8221;{}&#8221; custom_padding__hover=&#8221;|||&#8221;][et_pb_image src=&#8221;https:\/\/pretty-woman.pl\/wp-content\/uploads\/2022\/09\/stymulacja-tkankowa-1.jpg&#8221; title_text=&#8221;stymulacja tkankowa&#8221; _builder_version=&#8221;4.18.0&#8243; _module_preset=&#8221;default&#8221; custom_margin=&#8221;-100px||||false|false&#8221; border_width_all=&#8221;30px&#8221; border_color_all=&#8221;rgba(5,86,69,0.13)&#8221; global_colors_info=&#8221;{}&#8221;][\/et_pb_image][et_pb_text _builder_version=&#8221;4.18.0&#8243; _module_preset=&#8221;default&#8221; custom_padding=&#8221;||0px|||&#8221; global_colors_info=&#8221;{}&#8221;]<\/p>\n<p>Stymulatory na bazie polinukleotyd\u00f3w to zabiegi iniekcyjne, kt\u00f3re aktywuj\u0105 i odm\u0142adzaj\u0105. Stosuje si\u0119 je w takich problach jak zmarszczki, problemy zwi\u0105zane ze starzeniem, tr\u0105dzik, blizny tr\u0105dzikowe, zag\u0142\u0119bienia pod oczami, w dolinie \u0142ez, since pod oczami, skutki fotostarzenia, jak i inne problemy sk\u00f3rne wynikaj\u0105ce ze z\u0142ej diety, czy te\u017c nadmiernego stresu.<\/p>\n<p><span style=\"font-size: 16px;\">Na poziomie bioestetycznym polinukleotydy <\/span><span style=\"font-size: 16px;\">raz wprowadzone do sk\u00f3ry w\u0142a\u015bciwej (wstrzykni\u0119te), staj\u0105 si\u0119 wa\u017cnymi biostymulatorami fibroblast\u00f3w, \u201erodzicem\u201d kolagenu i innych podstawowych substancji utrzymuj\u0105cych struktur\u0119 sk\u00f3ry. Mog\u0105 stabilizowa\u0107 i rekompensowa\u0107 uszkodzony \u0142a\u0144cuch DNA kom\u00f3rkowego, dzi\u0119ki czemu postuluje si\u0119, \u017ce s\u0105 doskona\u0142ymi naprawiaczami uszkodze\u0144 kom\u00f3rkowych, pomagaj\u0105 po prostu goi\u0107 rany.<\/span><\/p>\n<p>Polinukleotydy daj\u0105 nam mo\u017cliwo\u015b\u0107 naprawy kom\u00f3rki od wewn\u0105trz i jej regeneracji, odm\u0142odzenia\u201d jej funkcjonowania, a tym samym uzyskania m\u0142odszego wygl\u0105du sk\u00f3ry, \u015bwie\u017cej, jasnej, nawil\u017conej i napi\u0119tej.<\/p>\n<p>[\/et_pb_text][\/et_pb_column][\/et_pb_row][et_pb_row _builder_version=&#8221;4.16&#8243; global_colors_info=&#8221;{}&#8221;][et_pb_column type=&#8221;4_4&#8243; _builder_version=&#8221;4.16&#8243; custom_padding=&#8221;|||&#8221; global_colors_info=&#8221;{}&#8221; custom_padding__hover=&#8221;|||&#8221;][et_pb_blurb title=&#8221;Pami\u0119taj&#8221; use_icon=&#8221;on&#8221; font_icon=&#8221;&#xe00f;||divi||400&#8243; icon_placement=&#8221;left&#8221; _builder_version=&#8221;4.18.0&#8243; _module_preset=&#8221;default&#8221; global_colors_info=&#8221;{}&#8221;]<\/p>\n<h4><span style=\"font-family: inherit;\">Take pictures before and some time after the procedure to be sure of the effect!<\/span><\/h4>\n<p>[\/et_pb_blurb][\/et_pb_column][\/et_pb_row][\/et_pb_section][et_pb_section fb_built=&#8221;1&#8243; specialty=&#8221;on&#8221; padding_top_1=&#8221;0px&#8221; admin_label=&#8221;Header&#8221; _builder_version=&#8221;4.16&#8243; background_color=&#8221;rgba(0,0,0,0)&#8221; custom_padding=&#8221;0|0px|54px|0px|false|false&#8221; locked=&#8221;off&#8221; global_colors_info=&#8221;{}&#8221;][et_pb_column type=&#8221;1_2&#8243; _builder_version=&#8221;4.16&#8243; custom_padding=&#8221;|||&#8221; global_colors_info=&#8221;{}&#8221; custom_padding__hover=&#8221;|||&#8221;][et_pb_image src=&#8221;https:\/\/pretty-woman.pl\/wp-content\/uploads\/2026\/04\/Untitled-4-21.jpeg&#8221; title_text=&#8221;Untitled-4 (21)&#8221; align_tablet=&#8221;center&#8221; align_phone=&#8221;center&#8221; align_last_edited=&#8221;on|desktop&#8221; _builder_version=&#8221;4.27.4&#8243; animation_style=&#8221;zoom&#8221; animation_intensity_zoom=&#8221;5%&#8221; hover_enabled=&#8221;0&#8243; border_width_all=&#8221;24px&#8221; border_color_all=&#8221;#ffffff&#8221; box_shadow_style=&#8221;preset3&#8243; box_shadow_vertical=&#8221;70px&#8221; box_shadow_blur=&#8221;150px&#8221; box_shadow_color=&#8221;rgba(0,0,0,0.2)&#8221; locked=&#8221;off&#8221; global_colors_info=&#8221;{}&#8221; sticky_enabled=&#8221;0&#8243;][\/et_pb_image][\/et_pb_column][et_pb_column type=&#8221;1_2&#8243; specialty_columns=&#8221;2&#8243; _builder_version=&#8221;4.16&#8243; custom_padding=&#8221;|||&#8221; global_colors_info=&#8221;{}&#8221; custom_padding__hover=&#8221;|||&#8221;][et_pb_row_inner custom_padding_last_edited=&#8221;on|phone&#8221; _builder_version=&#8221;4.16&#8243; background_color=&#8221;#e4edea&#8221; custom_margin_tablet=&#8221;|||&#8221; custom_margin_last_edited=&#8221;off|desktop&#8221; custom_padding=&#8221;60px|40px|60px|40px|true|true&#8221; custom_padding_tablet=&#8221;&#8221; custom_padding_phone=&#8221;|20px||20px||true&#8221; border_width_all=&#8221;24px&#8221; border_color_all=&#8221;#ffffff&#8221; box_shadow_style=&#8221;preset3&#8243; box_shadow_vertical=&#8221;70px&#8221; box_shadow_blur=&#8221;150px&#8221; box_shadow_color=&#8221;rgba(0,0,0,0.2)&#8221; global_colors_info=&#8221;{}&#8221;][et_pb_column_inner saved_specialty_column_type=&#8221;1_2&#8243; _builder_version=&#8221;4.16&#8243; custom_padding=&#8221;|||&#8221; global_colors_info=&#8221;{}&#8221; custom_padding__hover=&#8221;|||&#8221;][et_pb_text _builder_version=&#8221;4.18.0&#8243; text_font=&#8221;||||||||&#8221; header_font=&#8221;||||||||&#8221; header_2_font=&#8221;||||||||&#8221; header_2_font_size=&#8221;35px&#8221; header_2_line_height=&#8221;1.5em&#8221; header_6_font=&#8221;||||||||&#8221; text_orientation=&#8221;center&#8221; max_width_last_edited=&#8221;off|desktop&#8221; module_alignment=&#8221;center&#8221; custom_margin=&#8221;|||&#8221; custom_padding=&#8221;|||&#8221; header_2_font_size_tablet=&#8221;40px&#8221; header_2_font_size_phone=&#8221;28px&#8221; header_2_font_size_last_edited=&#8221;on|phone&#8221; locked=&#8221;off&#8221; global_colors_info=&#8221;{}&#8221;]<\/p>\n<h2>Book a date<\/h2>\n<p>In the case of selected procedures, a visit to the client is possible.<\/p>\n<p>[\/et_pb_text][et_pb_code _builder_version=&#8221;4.18.0&#8243; _module_preset=&#8221;default&#8221; text_orientation=&#8221;center&#8221; global_module=&#8221;756&#8243; global_colors_info=&#8221;{}&#8221;][\/et_pb_code][\/et_pb_column_inner][\/et_pb_row_inner][\/et_pb_column][\/et_pb_section][et_pb_section fb_built=&#8221;1&#8243; admin_label=&#8221;About Section&#8221; _builder_version=&#8221;4.16&#8243; background_color_gradient_direction=&#8221;90deg&#8221; custom_margin=&#8221;40px||40px||true&#8221; custom_padding=&#8221;120px||0||false|false&#8221; box_shadow_style=&#8221;preset7&#8243; box_shadow_horizontal=&#8221;1120px&#8221; box_shadow_vertical=&#8221;0px&#8221; box_shadow_color=&#8221;#e4edea&#8221; global_colors_info=&#8221;{}&#8221;][et_pb_row column_structure=&#8221;1_2,1_2&#8243; _builder_version=&#8221;4.16&#8243; custom_padding=&#8221;0|0px|0|0px|false|false&#8221; global_colors_info=&#8221;{}&#8221;][et_pb_column type=&#8221;1_2&#8243; _builder_version=&#8221;4.16&#8243; custom_padding=&#8221;50px|||&#8221; custom_padding_tablet=&#8221;0px|||&#8221; custom_padding_phone=&#8221;0px|||&#8221; custom_padding_last_edited=&#8221;on|tablet&#8221; global_colors_info=&#8221;{}&#8221; custom_padding__hover=&#8221;|||&#8221;][et_pb_text _builder_version=&#8221;4.18.0&#8243; text_font=&#8221;Open Sans||||||||&#8221; text_line_height=&#8221;2em&#8221; header_font=&#8221;||||||||&#8221; header_2_font=&#8221;||||||||&#8221; header_2_font_size=&#8221;45px&#8221; header_2_line_height=&#8221;1.3em&#8221; header_3_font=&#8221;||||||||&#8221; header_3_font_size=&#8221;24px&#8221; header_3_line_height=&#8221;1.3em&#8221; header_4_font=&#8221;||||||||&#8221; header_6_font=&#8221;||||||||&#8221; max_width_last_edited=&#8221;off|desktop&#8221; module_alignment=&#8221;center&#8221; custom_margin=&#8221;|||&#8221; custom_padding=&#8221;0px|||||&#8221; header_2_font_size_tablet=&#8221;40px&#8221; header_2_font_size_phone=&#8221;28px&#8221; header_2_font_size_last_edited=&#8221;on|phone&#8221; header_3_font_size_tablet=&#8221;&#8221; header_3_font_size_phone=&#8221;20px&#8221; header_3_font_size_last_edited=&#8221;on|desktop&#8221; global_colors_info=&#8221;{}&#8221;]<\/p>\n<h3>Co uzyskasz dzi\u0119ki stymulatorom tkankowym na bazie polinukletyd\u00f3w?<\/h3>\n<ul>\n<li>Wyr\u00f3wnanie zmarszczek<\/li>\n<li>Popraw\u0119 j\u0119drno\u015bci sk\u00f3ry<\/li>\n<li>Popraw\u0119 wygl\u0105du sk\u00f3ry po bliznach potr\u0105dzikowych i innych<\/li>\n<li>Popraw\u0119 wygl\u0105du sk\u00f3ry na rozst\u0119pach<\/li>\n<li>Popraw\u0119 wygl\u0105du przy innych uszkodzeniach sk\u00f3ry\u00a0<\/li>\n<\/ul>\n<p>&nbsp;<\/p>\n<p>[\/et_pb_text][\/et_pb_column][et_pb_column type=&#8221;1_2&#8243; _builder_version=&#8221;4.16&#8243; custom_padding=&#8221;|||&#8221; global_colors_info=&#8221;{}&#8221; custom_padding__hover=&#8221;|||&#8221;][et_pb_image src=&#8221;https:\/\/pretty-woman.pl\/wp-content\/uploads\/2023\/08\/resize_IMG-8437.jpg&#8221; title_text=&#8221;resize_IMG-8437&#8243; align_tablet=&#8221;center&#8221; align_phone=&#8221;center&#8221; align_last_edited=&#8221;on|desktop&#8221; _builder_version=&#8221;4.27.4&#8243; border_width_all=&#8221;20px&#8221; border_color_all=&#8221;#ffffff&#8221; box_shadow_style=&#8221;preset3&#8243; box_shadow_vertical=&#8221;70px&#8221; box_shadow_blur=&#8221;150px&#8221; box_shadow_color=&#8221;rgba(0,0,0,0.2)&#8221; global_colors_info=&#8221;{}&#8221;][\/et_pb_image][\/et_pb_column][\/et_pb_row][et_pb_row column_structure=&#8221;1_2,1_2&#8243; _builder_version=&#8221;4.16&#8243; background_color=&#8221;#ffffff&#8221; custom_padding=&#8221;60px|40px||40px|false|true&#8221; locked=&#8221;off&#8221; global_colors_info=&#8221;{}&#8221;][et_pb_column type=&#8221;1_2&#8243; _builder_version=&#8221;4.16&#8243; custom_padding=&#8221;|||&#8221; global_colors_info=&#8221;{}&#8221; custom_padding__hover=&#8221;|||&#8221;][et_pb_testimonial author=&#8221;Cyprian J.&#8221; quote_icon=&#8221;off&#8221; _builder_version=&#8221;4.18.0&#8243; body_font=&#8221;||||||||&#8221; body_line_height=&#8221;2em&#8221; use_background_color=&#8221;off&#8221; text_orientation=&#8221;center&#8221; animation_style=&#8221;zoom&#8221; animation_intensity_zoom=&#8221;5%&#8221; locked=&#8221;off&#8221; global_colors_info=&#8221;{}&#8221;]<\/p>\n<p><span>When I went to see Agnes, my hair was in a bad state. After a few treatments, it&#039;s much better. The hair stopped very quickly\u2026<\/span><span web-developer-inline-style=\"display:none;\">sew and fall out and after about a month they started to grow back and I get a baby hairrow rash \ud83d\ude42<\/span><\/p>\n<p>[\/et_pb_testimonial][\/et_pb_column][et_pb_column type=&#8221;1_2&#8243; _builder_version=&#8221;4.16&#8243; custom_padding=&#8221;|||&#8221; global_colors_info=&#8221;{}&#8221; custom_padding__hover=&#8221;|||&#8221;][et_pb_testimonial author=&#8221;Pawe\u0142 S.&#8221; quote_icon=&#8221;off&#8221; _builder_version=&#8221;4.18.0&#8243; body_font=&#8221;||||||||&#8221; body_line_height=&#8221;2em&#8221; use_background_color=&#8221;off&#8221; text_orientation=&#8221;center&#8221; animation_style=&#8221;zoom&#8221; animation_intensity_zoom=&#8221;5%&#8221; locked=&#8221;off&#8221; global_colors_info=&#8221;{}&#8221;]<\/p>\n<p><span>Mesotherapy of the scalp is performed professionally. Ms. Agnieszka carried out the procedure thoroughly and gave comprehensive information on skin care<\/span><span web-developer-inline-style=\"\"><span>\u00a0<\/span>the head, she told me what to do to make my hair grow back faster-I can&#039;t wait for my hair to start growing back. I am satisfied, and, of course, this was not my last visit to this office.<\/span><\/p>\n<p>[\/et_pb_testimonial][\/et_pb_column][\/et_pb_row][et_pb_row custom_padding_last_edited=&#8221;on|phone&#8221; _builder_version=&#8221;4.16&#8243; background_color=&#8221;#ffffff&#8221; custom_margin=&#8221;|||&#8221; custom_margin_tablet=&#8221;0px|||&#8221; custom_margin_last_edited=&#8221;off|desktop&#8221; custom_padding=&#8221;0||0px||false|false&#8221; custom_padding_tablet=&#8221;60px||||false|false&#8221; custom_padding_phone=&#8221;0px||||false|false&#8221; locked=&#8221;off&#8221; global_colors_info=&#8221;{}&#8221;][et_pb_column type=&#8221;4_4&#8243; _builder_version=&#8221;4.16&#8243; custom_padding=&#8221;|||&#8221; global_colors_info=&#8221;{}&#8221; custom_padding__hover=&#8221;|||&#8221;][et_pb_image src=&#8221;https:\/\/pretty-woman.pl\/wp-content\/uploads\/2022\/08\/makeyup-artist-28.png&#8221; _builder_version=&#8221;4.16&#8243; background_color=&#8221;rgba(0,0,0,0.05)&#8221; max_width=&#8221;204px&#8221; custom_margin=&#8221;||-20px|||false&#8221; animation_style=&#8221;zoom&#8221; animation_intensity_zoom=&#8221;5%&#8221; border_width_all=&#8221;24px&#8221; border_color_all=&#8221;#ffffff&#8221; box_shadow_style=&#8221;preset3&#8243; box_shadow_vertical=&#8221;50px&#8221; box_shadow_blur=&#8221;150px&#8221; box_shadow_color=&#8221;rgba(0,0,0,0.12)&#8221; always_center_on_mobile=&#8221;off&#8221; global_colors_info=&#8221;{}&#8221;][\/et_pb_image][\/et_pb_column][\/et_pb_row][\/et_pb_section][et_pb_section fb_built=&#8221;1&#8243; admin_label=&#8221;Newsletter&#8221; _builder_version=&#8221;4.18.0&#8243; background_color_gradient_direction=&#8221;90deg&#8221; custom_margin=&#8221;90px||||false|false&#8221; custom_margin_tablet=&#8221;0px|||&#8221; custom_margin_phone=&#8221;&#8221; custom_margin_last_edited=&#8221;on|tablet&#8221; box_shadow_style=&#8221;preset7&#8243; box_shadow_horizontal=&#8221;1240px&#8221; box_shadow_vertical=&#8221;0px&#8221; box_shadow_color=&#8221;#e4edea&#8221; global_module=&#8221;145&#8243; saved_tabs=&#8221;all&#8221; global_colors_info=&#8221;{}&#8221;][et_pb_row column_structure=&#8221;1_2,1_2&#8243; _builder_version=&#8221;4.18.0&#8243; global_colors_info=&#8221;{}&#8221;][et_pb_column type=&#8221;1_2&#8243; _builder_version=&#8221;4.16&#8243; custom_padding=&#8221;|||&#8221; custom_padding_tablet=&#8221;|40px||&#8221; custom_padding_phone=&#8221;|||&#8221; custom_padding_last_edited=&#8221;on|desktop&#8221; global_colors_info=&#8221;{}&#8221; custom_padding__hover=&#8221;|||&#8221;][et_pb_signup mailchimp_list=&#8221;gabinet@pretty-womanpl|fd2aaeed10&#8243; layout=&#8221;top_bottom&#8221; first_name_field=&#8221;off&#8221; last_name_field=&#8221;off&#8221; use_custom_fields=&#8221;on&#8221; success_message=&#8221;Odbierz maila i kliknij w link potwierdzaj\u0105cy subskrypcj\u0119&#8221; title=&#8221;Uzyskaj rabat 10%&#8221; button_text=&#8221;Zapisz si\u0119&#8221; description=&#8221;<\/p>\n<\/p>\n<p>B\u0119d\u0105c na naszej li\u015bcie mailingowej masz prawo do 10% rabatu przy <strong>pierwszej<\/strong> us\u0142udze. Nie zapomnij si\u0119 upomnie\u0107!<\/p>\n<p>UWAGA: Uwaga: rabat <strong>nie obowi\u0105zuje<\/strong> przy wizytach um\u00f3wionych przez portal Booksy. Aby z niego skorzysta\u0107, <strong>um\u00f3w si\u0119 telefonicznie <\/strong>lub  przez <strong>WhatsApp<\/strong> or <strong>SMS-em<\/strong>.<\/p>\n<\/p>\n<p>&#8221; _builder_version=&#8221;4.27.4&#8243; header_font=&#8221;||||||||&#8221; header_font_size=&#8221;45px&#8221; header_line_height=&#8221;1.5em&#8221; body_font=&#8221;||||||||&#8221; body_line_height=&#8221;2em&#8221; form_field_font=&#8221;||||||||&#8221; form_field_line_height=&#8221;1.5em&#8221; use_background_color=&#8221;off&#8221; custom_button=&#8221;on&#8221; button_text_size=&#8221;13px&#8221; button_text_color=&#8221;#2EC7B5&#8243; button_bg_color=&#8221;rgba(0,0,0,0)&#8221; button_bg_color_gradient_stops=&#8221;rgba(255,255,255,0) 95%|#8d8181 95%&#8221; button_bg_color_gradient_start=&#8221;rgba(255,255,255,0)&#8221; button_bg_color_gradient_start_position=&#8221;95%&#8221; button_bg_color_gradient_end=&#8221;#8d8181&#8243; button_bg_color_gradient_end_position=&#8221;95%&#8221; button_border_width=&#8221;0px&#8221; button_border_radius=&#8221;0px&#8221; button_font=&#8221;|600|||||||&#8221; button_icon=&#8221;&#xe03c;||divi||400&#8243; button_icon_placement=&#8221;left&#8221; background_layout=&#8221;light&#8221; max_width=&#8221;640px&#8221; custom_padding=&#8221;|10px|||false|false&#8221; header_font_size_tablet=&#8221;40px&#8221; header_font_size_phone=&#8221;28px&#8221; header_font_size_last_edited=&#8221;on|phone&#8221; border_radii_fields=&#8221;on|0px|0px|0px|0px&#8221; box_shadow_style_fields=&#8221;preset1&#8243; box_shadow_vertical_fields=&#8221;10px&#8221; box_shadow_blur_fields=&#8221;100px&#8221; box_shadow_spread_fields=&#8221;10px&#8221; box_shadow_color_fields=&#8221;#e4edea&#8221; global_colors_info=&#8221;{}&#8221; button_text_size__hover_enabled=&#8221;off&#8221; button_one_text_size__hover_enabled=&#8221;off&#8221; button_two_text_size__hover_enabled=&#8221;off&#8221; button_text_color__hover_enabled=&#8221;off&#8221; button_one_text_color__hover_enabled=&#8221;off&#8221; button_two_text_color__hover_enabled=&#8221;off&#8221; button_border_width__hover_enabled=&#8221;off&#8221; button_one_border_width__hover_enabled=&#8221;off&#8221; button_two_border_width__hover_enabled=&#8221;off&#8221; button_border_color__hover_enabled=&#8221;off&#8221; button_one_border_color__hover_enabled=&#8221;off&#8221; button_two_border_color__hover_enabled=&#8221;off&#8221; button_border_radius__hover_enabled=&#8221;off&#8221; button_one_border_radius__hover_enabled=&#8221;off&#8221; button_two_border_radius__hover_enabled=&#8221;off&#8221; button_letter_spacing__hover_enabled=&#8221;off&#8221; button_one_letter_spacing__hover_enabled=&#8221;off&#8221; button_two_letter_spacing__hover_enabled=&#8221;off&#8221; button_bg_color__hover_enabled=&#8221;off&#8221; button_one_bg_color__hover_enabled=&#8221;off&#8221; button_two_bg_color__hover_enabled=&#8221;off&#8221;][et_pb_signup_custom_field field_id=&#8221;f9cccade35&#8243; field_title=&#8221;Polityka prywatno\u015bci&#8221; field_type=&#8221;checkbox&#8221; checkbox_options=&#8221;%91{%22checked%22:0,%22value%22:%22Zgoda Marketingowa na wysy\u0142anie ofert promocyjnych, wi\u0119cej informacji w naszej polityce prywatno\u015bci.%22,%22id%22:%22de958a5492%22,%22dragID%22:-1}%93&#8243; _builder_version=&#8221;4.18.0&#8243; _module_preset=&#8221;default&#8221; global_colors_info=&#8221;{}&#8221; predefined_field=&#8221;f9cccade35&#8243;][\/et_pb_signup_custom_field][\/et_pb_signup][\/et_pb_column][et_pb_column type=&#8221;1_2&#8243; _builder_version=&#8221;4.18.0&#8243; custom_padding=&#8221;||||false|false&#8221; global_colors_info=&#8221;{}&#8221; custom_padding__hover=&#8221;|||&#8221;][et_pb_image src=&#8221;https:\/\/pretty-woman.pl\/wp-content\/uploads\/2026\/04\/Untitled-1.png&#8221; title_text=&#8221;Untitled&#8221; align_tablet=&#8221;center&#8221; align_phone=&#8221;center&#8221; align_last_edited=&#8221;on|desktop&#8221; disabled_on=&#8221;on|off|off&#8221; _builder_version=&#8221;4.27.4&#8243; z_index=&#8221;446&#8243; custom_margin=&#8221;-200px|-30%|||false|false&#8221; custom_margin_tablet=&#8221;0px|30%||&#8221; custom_margin_phone=&#8221;&#8221; custom_margin_last_edited=&#8221;on|phone&#8221; global_colors_info=&#8221;{}&#8221;][\/et_pb_image][\/et_pb_column][\/et_pb_row][\/et_pb_section]<\/p>","protected":false},"excerpt":{"rendered":"<p>Polinukleotydy, odm\u0142adzaj\u0105 od wewn\u0105trz Polinukleotydy to cz\u0105steczki przygotowane tak, aby by\u0142y wysoce biokompatybilne ze sk\u00f3r\u0105. Uruchamiaj\u0105 one si\u0142y samoregeneracyjne sk\u00f3ry i normalizuj\u0105 stan sk\u00f3ry od wewn\u0105trz. Wspomagaj\u0105 napraw\u0119 kom\u00f3rek i tkanek, nowych naczy\u0144 krwiono\u015bnych itp. oraz zwi\u0119kszaj\u0105 g\u0119sto\u015b\u0107 tkanki sk\u00f3rnej, prowadz\u0105c do j\u0119drnej i zdrowej sk\u00f3ry. Zabiegi z polinukletyd\u00f3w s\u0105 u\u017cywane jako alternatywa dla zabieg\u00f3w [&hellip;]<\/p>","protected":false},"author":2,"featured_media":0,"parent":0,"menu_order":0,"comment_status":"closed","ping_status":"closed","template":"","meta":{"_seopress_robots_primary_cat":"","_seopress_titles_title":"","_seopress_titles_desc":"","_seopress_robots_index":"","_et_pb_use_builder":"on","_et_pb_old_content":"","_et_gb_content_width":"","footnotes":""},"class_list":["post-602","page","type-page","status-publish","hentry"],"_links":{"self":[{"href":"https:\/\/pretty-woman.pl\/en\/wp-json\/wp\/v2\/pages\/602","targetHints":{"allow":["GET"]}}],"collection":[{"href":"https:\/\/pretty-woman.pl\/en\/wp-json\/wp\/v2\/pages"}],"about":[{"href":"https:\/\/pretty-woman.pl\/en\/wp-json\/wp\/v2\/types\/page"}],"author":[{"embeddable":true,"href":"https:\/\/pretty-woman.pl\/en\/wp-json\/wp\/v2\/users\/2"}],"replies":[{"embeddable":true,"href":"https:\/\/pretty-woman.pl\/en\/wp-json\/wp\/v2\/comments?post=602"}],"version-history":[{"count":18,"href":"https:\/\/pretty-woman.pl\/en\/wp-json\/wp\/v2\/pages\/602\/revisions"}],"predecessor-version":[{"id":1206,"href":"https:\/\/pretty-woman.pl\/en\/wp-json\/wp\/v2\/pages\/602\/revisions\/1206"}],"wp:attachment":[{"href":"https:\/\/pretty-woman.pl\/en\/wp-json\/wp\/v2\/media?parent=602"}],"curies":[{"name":"wp","href":"https:\/\/api.w.org\/{rel}","templated":true}]}}