{"id":400,"date":"2022-09-01T12:09:08","date_gmt":"2022-09-01T10:09:08","guid":{"rendered":"https:\/\/pretty-woman.pl\/?page_id=400"},"modified":"2022-09-01T12:35:21","modified_gmt":"2022-09-01T10:35:21","slug":"webmaster","status":"publish","type":"page","link":"https:\/\/pretty-woman.pl\/en\/webmaster\/","title":{"rendered":"Webmaster"},"content":{"rendered":"<p>[et_pb_section fb_built=&#8221;1&#8243; _builder_version=&#8221;4.18.0&#8243; _module_preset=&#8221;default&#8221; background_image=&#8221;https:\/\/pretty-woman.pl\/wp-content\/uploads\/2022\/08\/lisc-pierwszy-turkus-1.png&#8221; background_size=&#8221;initial&#8221; background_position=&#8221;top_left&#8221; global_colors_info=&#8221;{}&#8221; theme_builder_area=&#8221;post_content&#8221;][et_pb_row _builder_version=&#8221;4.18.0&#8243; _module_preset=&#8221;default&#8221; global_colors_info=&#8221;{}&#8221; theme_builder_area=&#8221;post_content&#8221;][et_pb_column type=&#8221;4_4&#8243; _builder_version=&#8221;4.18.0&#8243; _module_preset=&#8221;default&#8221; global_colors_info=&#8221;{}&#8221; theme_builder_area=&#8221;post_content&#8221;][et_pb_text _builder_version=&#8221;4.18.0&#8243; _module_preset=&#8221;default&#8221; hover_enabled=&#8221;0&#8243; global_colors_info=&#8221;{}&#8221; theme_builder_area=&#8221;post_content&#8221; custom_css_main_element=&#8221;min-height:50vh;&#8221; sticky_enabled=&#8221;0&#8243;]<\/p>\n<h1 style=\"text-align: center;\">Webmaster<span><\/span><\/h1>\n<p style=\"text-align: center;\"><span>Niniejsza strona zosta\u0142a wykonana we wsp\u00f3\u0142pracy z firm\u0105 <a href=\"https:\/\/wonders4you.com\/\">Wonders4you<\/a>.\u00a0<\/span><\/p>\n<p style=\"text-align: center;\"><span><\/span><\/p>\n<p style=\"text-align: center;\"><span> WONDERS4YOU &#8211; TWORZENIE I PROMOCJA STRON INTERNETOWYCH<br \/>ul. Powsta\u0144c\u00f3w 42\/1 | Krak\u00f3w 31-422 Ma\u0142opolska | \u00a0+48501606941<\/span><\/p>\n<p>[\/et_pb_text][\/et_pb_column][\/et_pb_row][\/et_pb_section]<\/p>","protected":false},"excerpt":{"rendered":"<p>Webmaster Niniejsza strona zosta\u0142a wykonana we wsp\u00f3\u0142pracy z firm\u0105 Wonders4you.\u00a0 WONDERS4YOU &#8211; TWORZENIE I PROMOCJA STRON INTERNETOWYCHul. Powsta\u0144c\u00f3w 42\/1 | Krak\u00f3w 31-422 Ma\u0142opolska | \u00a0+48501606941<\/p>","protected":false},"author":2,"featured_media":0,"parent":0,"menu_order":0,"comment_status":"closed","ping_status":"closed","template":"","meta":{"_seopress_robots_primary_cat":"","_seopress_titles_title":"","_seopress_titles_desc":"","_seopress_robots_index":"","_et_pb_use_builder":"on","_et_pb_old_content":"","_et_gb_content_width":"","footnotes":""},"class_list":["post-400","page","type-page","status-publish","hentry"],"_links":{"self":[{"href":"https:\/\/pretty-woman.pl\/en\/wp-json\/wp\/v2\/pages\/400","targetHints":{"allow":["GET"]}}],"collection":[{"href":"https:\/\/pretty-woman.pl\/en\/wp-json\/wp\/v2\/pages"}],"about":[{"href":"https:\/\/pretty-woman.pl\/en\/wp-json\/wp\/v2\/types\/page"}],"author":[{"embeddable":true,"href":"https:\/\/pretty-woman.pl\/en\/wp-json\/wp\/v2\/users\/2"}],"replies":[{"embeddable":true,"href":"https:\/\/pretty-woman.pl\/en\/wp-json\/wp\/v2\/comments?post=400"}],"version-history":[{"count":4,"href":"https:\/\/pretty-woman.pl\/en\/wp-json\/wp\/v2\/pages\/400\/revisions"}],"predecessor-version":[{"id":410,"href":"https:\/\/pretty-woman.pl\/en\/wp-json\/wp\/v2\/pages\/400\/revisions\/410"}],"wp:attachment":[{"href":"https:\/\/pretty-woman.pl\/en\/wp-json\/wp\/v2\/media?parent=400"}],"curies":[{"name":"wp","href":"https:\/\/api.w.org\/{rel}","templated":true}]}}