{"id":395,"date":"2022-09-01T11:59:11","date_gmt":"2022-09-01T09:59:11","guid":{"rendered":"https:\/\/pretty-woman.pl\/?page_id=395"},"modified":"2023-06-05T10:03:07","modified_gmt":"2023-06-05T08:03:07","slug":"rodo","status":"publish","type":"page","link":"https:\/\/pretty-woman.pl\/en\/rodo\/","title":{"rendered":"Polityka Prywatno\u015bci"},"content":{"rendered":"<p>[et_pb_section fb_built=&#8221;1&#8243; _builder_version=&#8221;4.18.0&#8243; _module_preset=&#8221;default&#8221; background_image=&#8221;https:\/\/pretty-woman.pl\/wp-content\/uploads\/2022\/08\/lisc-pierwszy-turkus-1.png&#8221; background_size=&#8221;initial&#8221; background_position=&#8221;top_left&#8221; global_colors_info=&#8221;{}&#8221;][et_pb_row _builder_version=&#8221;4.18.0&#8243; _module_preset=&#8221;default&#8221; global_colors_info=&#8221;{}&#8221;][et_pb_column type=&#8221;4_4&#8243; _builder_version=&#8221;4.18.0&#8243; _module_preset=&#8221;default&#8221; global_colors_info=&#8221;{}&#8221;][et_pb_text _builder_version=&#8221;4.18.0&#8243; _module_preset=&#8221;default&#8221; global_colors_info=&#8221;{}&#8221;]<\/p>\n<h1 style=\"text-align: center;\">Polityka Prywatno\u015bci<span><\/span><\/h1>\n<p>&nbsp;<\/p>\n<p>&nbsp;<\/p>\n<p><strong>1) Administratorem Pani\/Pana danych osobowych jest<\/strong><\/p>\n<p>Agnieszka Guzowska<\/p>\n<p><em>BT Astrum &#8211; Rynek 14, 34-400 Nowy Targ<\/em><\/p>\n<p>Telefon: 691\u00a0026\u00a0493<\/p>\n<p>Email: gabinet@pretty-woman.pl<\/p>\n<p><strong>2) Cele przetwarzania<\/strong><\/p>\n<ul>\n<li>w celu zawarcia i wykonywania umowy na prowadzenie us\u0142ugi<\/li>\n<li>w\u00a0celu oferowania Pani\/Panu innych us\u0142ug z\u00a0naszej strony, w\u00a0tym dobierania ich pod\u00a0k\u0105tem Pani\/Pana potrzeb, co\u00a0jest naszym prawnie uzasadnionym interesem<\/li>\n<\/ul>\n<p><strong>3) Kategorie Pani\/Pana danych, kt\u00f3rych\u00a0nie\u00a0przetwarzamy<\/strong><br \/>O\u015bwiadczamy,\u017ce nie b\u0119dziemy przetwarza\u0107 Pani\/Pana danych, kt\u00f3re nie zosta\u0142y zebrane bezpo\u015brednio od Pani\/Pana, a zw\u0142aszcza informuj\u0119, \u017ce nie b\u0119dzie utrwalany Pani\/Pana wizerunek, ani g\u0142os, a tak\u017ce, \u017ce nie stosujemy w obr\u0119bie gabinetu monitoringu wizyjnego.<\/p>\n<p><strong>4) Odbiorcy Danych<\/strong><br \/>Informuj\u0119, \u017ce\u00a0istnieje mo\u017cliwo\u015b\u0107, i\u017c\u00a0b\u0119dziemy udost\u0119pnia\u0107 Pani\/Pana dane osobowe, kt\u00f3re przetwarzamy, do\u00a0nast\u0119puj\u0105cych kategorii podmiot\u00f3w:<\/p>\n<ul>\n<li><strong>firmy ksi\u0119gowej<\/strong>, z\u00a0kt\u00f3rej\u00a0us\u0142ug korzystamy przy przetwarzaniu Pani\/Pana danych<\/li>\n<li><strong>firmy informatycznej<\/strong>, z\u00a0kt\u00f3rej\u00a0us\u0142ug korzystamy przy przetwarzaniu Pani\/Pana danych<\/li>\n<li><strong>agencji marketingowej<\/strong>, z\u00a0kt\u00f3rej\u00a0us\u0142ug korzystamy przy przetwarzaniu Pani\/Pana danych<\/li>\n<\/ul>\n<p><strong>Dane wra\u017cliwe<\/strong>, na kt\u00f3rych przetwarzanie zosta\u0142a wyra\u017cona Pani\/Pana zgoda, b\u0119d\u0105 udost\u0119pniane wy\u0142\u0105cznie w realizacji zabiegu.<\/p>\n<p><strong>5) Przekazywanie danych do\u00a0pa\u0144stw trzecich lub organizacji mi\u0119dzynarodowych<\/strong><\/p>\n<p>Dane w postaci adresu email, w przypadku zapisu na newsletter, mog\u0105 by\u0107 obs\u0142ugiwane przez firm\u0119 https:\/\/mailchimp.com\/<\/p>\n<p><strong>6) Okres przechowywania danych<\/strong><br \/>Pani\/Pana podstawowe dane kontaktowe przechowujemy dla potrzeb zabiegu przy wykonywaniu umowy do czasu, a\u017c Pan\/Pani zg\u0142osi sprzeciw wzgl\u0119dem ich przetwarzania.<\/p>\n<p><strong>7) Pani\/Pana prawa<\/strong><br \/>Informuj\u0119, \u017ce\u00a0przys\u0142uguj\u0105 Pani\/Panu:<\/p>\n<ul>\n<li>prawo dost\u0119pu do\u00a0swoich danych oraz\u00a0otrzymania ich kopii<\/li>\n<li>prawo do\u00a0sprostowania (poprawiania) swoich danych<\/li>\n<li>prawo do\u00a0usuni\u0119cia danych. Je\u017celi Pani\/Pana zdaniem nie\u00a0ma\u00a0podstaw do\u00a0tego, aby przetwarza\u0107 Pani\/Pana dane, mo\u017cna za\u017c\u0105da\u0107, aby zosta\u0142y usuni\u0119te<\/li>\n<li>prawo do\u00a0ograniczenia przetwarzania danych. Mo\u017ce Pan\/Pani za\u017c\u0105da\u0107, aby ograniczy\u0107 przetwarzanie Pana\/Pani danych osobowych wy\u0142\u0105cznie do\u00a0ich przechowywania lub wykonywania uzgodnionych z\u00a0Pani\/Panem dzia\u0142a\u0144, je\u017celi Pani\/Pana zdaniem mamy nieprawid\u0142owe dane na\u00a0Pani\/Pana temat lub przetwarzamy je\u00a0bezpodstawnie<\/li>\n<li>prawo do\u00a0przenoszenia danych<\/li>\n<li>prawo do\u00a0wniesienia sprzeciwu wobec przetwarzania danych<\/li>\n<li>prawo do\u00a0cofni\u0119cia zgody na\u00a0przetwarzanie danych osobowych<\/li>\n<li>prawo do\u00a0wniesienia skargi do\u00a0organu nadzorczego<\/li>\n<\/ul>\n<p><strong>8) Informacja o\u00a0wymogu\/dobrowolno\u015bci podania danych<\/strong><br \/>Informujemy, \u017ce\u00a0podanie przez\u00a0Pani\/Pane danych jest dobrowolne. Zaznaczamy, \u017ce\u00a0je\u017celi nie\u00a0poda Pani\/Pan danych podstawowych, identyfikuj\u0105cych Pani\/Pana przy transakcji w\u00a0spos\u00f3b wymagany powszechnie obowi\u0105zuj\u0105cymi przepisami prawa, w\u00a0tym zw\u0142aszcza od\u00a0strony podatkowej, to\u00a0w\u00a0takim przypadku mo\u017cemy odm\u00f3wi\u0107 zawarcia umowy.<\/p>\n<p><strong>9) Podstaw\u0105 do\u00a0przetwarzania tych danych jest:<\/strong><br \/><strong>RODO<\/strong><span>\u00a0<\/span>\u2013 Rozporz\u0105dzenie Parlamentu Europejskiego i Rady (UE) 2016\/679 z dnia 27 kwietnia 2016 r. w sprawie ochrony os\u00f3b fizycznych w zwi\u0105zku z przetwarzaniem danych osobowych i w sprawie swobodnego przep\u0142ywu takich danych oraz uchylenia dyrektywy 95\/46\/WE (og\u00f3lne rozporz\u0105dzenie o ochronie danych &#8211;\u00a0 <a href=\"https:\/\/cookies.edu.pl\/prawo\/ustawa-o-rodo\/\">zobacz<\/a>))<\/p>\n<p>[\/et_pb_text][\/et_pb_column][\/et_pb_row][\/et_pb_section]<\/p>","protected":false},"excerpt":{"rendered":"<p>Polityka Prywatno\u015bci &nbsp; &nbsp; 1) Administratorem Pani\/Pana danych osobowych jest Agnieszka Guzowska BT Astrum &#8211; Rynek 14, 34-400 Nowy Targ Telefon: 691\u00a0026\u00a0493 Email: gabinet@pretty-woman.pl 2) Cele przetwarzania w celu zawarcia i wykonywania umowy na prowadzenie us\u0142ugi w\u00a0celu oferowania Pani\/Panu innych us\u0142ug z\u00a0naszej strony, w\u00a0tym dobierania ich pod\u00a0k\u0105tem Pani\/Pana potrzeb, co\u00a0jest naszym prawnie uzasadnionym interesem 3) [&hellip;]<\/p>","protected":false},"author":2,"featured_media":0,"parent":0,"menu_order":0,"comment_status":"closed","ping_status":"closed","template":"","meta":{"_seopress_robots_primary_cat":"","_seopress_titles_title":"","_seopress_titles_desc":"","_seopress_robots_index":"","_et_pb_use_builder":"on","_et_pb_old_content":"","_et_gb_content_width":"","footnotes":""},"class_list":["post-395","page","type-page","status-publish","hentry"],"_links":{"self":[{"href":"https:\/\/pretty-woman.pl\/en\/wp-json\/wp\/v2\/pages\/395","targetHints":{"allow":["GET"]}}],"collection":[{"href":"https:\/\/pretty-woman.pl\/en\/wp-json\/wp\/v2\/pages"}],"about":[{"href":"https:\/\/pretty-woman.pl\/en\/wp-json\/wp\/v2\/types\/page"}],"author":[{"embeddable":true,"href":"https:\/\/pretty-woman.pl\/en\/wp-json\/wp\/v2\/users\/2"}],"replies":[{"embeddable":true,"href":"https:\/\/pretty-woman.pl\/en\/wp-json\/wp\/v2\/comments?post=395"}],"version-history":[{"count":3,"href":"https:\/\/pretty-woman.pl\/en\/wp-json\/wp\/v2\/pages\/395\/revisions"}],"predecessor-version":[{"id":796,"href":"https:\/\/pretty-woman.pl\/en\/wp-json\/wp\/v2\/pages\/395\/revisions\/796"}],"wp:attachment":[{"href":"https:\/\/pretty-woman.pl\/en\/wp-json\/wp\/v2\/media?parent=395"}],"curies":[{"name":"wp","href":"https:\/\/api.w.org\/{rel}","templated":true}]}}