{"id":247,"date":"2022-08-31T10:17:26","date_gmt":"2022-08-31T08:17:26","guid":{"rendered":"https:\/\/pretty-woman.pl\/?page_id=247"},"modified":"2026-04-03T16:25:29","modified_gmt":"2026-04-03T14:25:29","slug":"kontakt","status":"publish","type":"page","link":"https:\/\/pretty-woman.pl\/en\/kontakt\/","title":{"rendered":"Contact Information"},"content":{"rendered":"<p>[et_pb_section fb_built=&#8221;1&#8243; admin_label=&#8221;Header&#8221; _builder_version=&#8221;4.27.4&#8243; use_background_color_gradient=&#8221;on&#8221; background_color_gradient_stops=&#8221;rgba(255,255,255,0) 50%|#ffffff 100%&#8221; background_color_gradient_overlays_image=&#8221;on&#8221; background_color_gradient_start=&#8221;rgba(255,255,255,0)&#8221; background_color_gradient_start_position=&#8221;50%&#8221; background_color_gradient_end=&#8221;#ffffff&#8221; background_image=&#8221;https:\/\/pretty-woman.pl\/wp-content\/uploads\/2026\/04\/tlo4.jpg&#8221; custom_padding=&#8221;6%|0px|140px|0px|false|false&#8221; locked=&#8221;off&#8221; global_colors_info=&#8221;{}&#8221; title_text=&#8221;untitled&#8221;][et_pb_row column_structure=&#8221;1_3,1_3,1_3&#8243; _builder_version=&#8221;4.16&#8243; global_colors_info=&#8221;{}&#8221;][et_pb_column type=&#8221;1_3&#8243; _builder_version=&#8221;4.16&#8243; custom_padding=&#8221;|||&#8221; global_colors_info=&#8221;{}&#8221; custom_padding__hover=&#8221;|||&#8221;][et_pb_blurb title=&#8221;Zadzwo\u0144&#8221; use_icon=&#8221;on&#8221; font_icon=&#8221;&#xe00b;||divi||400&#8243; icon_color=&#8221;#757776&#8243; image_icon_background_color=&#8221;#e3e5e4&#8243; image_icon_width=&#8221;30px&#8221; _builder_version=&#8221;4.18.0&#8243; body_font=&#8221;Open Sans|600|||||||&#8221; body_text_color=&#8221;#2EC7B5&#8243; image_icon_custom_padding=&#8221;25px|25px|25px|25px|false|false&#8221; border_radii_image=&#8221;on|100%|100%|100%|100%&#8221; icon_font_size=&#8221;30px&#8221; use_circle=&#8221;on&#8221; circle_color=&#8221;#e3e5e4&#8243; locked=&#8221;off&#8221; global_colors_info=&#8221;{}&#8221; image_icon_background_color__sticky_enabled=&#8221;#2ec7b5&#8243; image_icon_background_color__sticky=&#8221;#2ec7b5&#8243;]<\/p>\n<p>+48 691 026 493<br \/><span style=\"color: #999999;\">If I don&#039;t respond, please send me an SMS, and I&#039;ll call you back as soon as possible.<\/span><\/p>\n<p>[\/et_pb_blurb][\/et_pb_column][et_pb_column type=&#8221;1_3&#8243; _builder_version=&#8221;4.16&#8243; custom_padding=&#8221;|||&#8221; global_colors_info=&#8221;{}&#8221; custom_padding__hover=&#8221;|||&#8221;][\/et_pb_column][et_pb_column type=&#8221;1_3&#8243; _builder_version=&#8221;4.16&#8243; custom_padding=&#8221;|||&#8221; global_colors_info=&#8221;{}&#8221; custom_padding__hover=&#8221;|||&#8221;][et_pb_blurb title=&#8221;Adres&#8221; use_icon=&#8221;on&#8221; font_icon=&#8221;&#xe01d;||divi||400&#8243; icon_color=&#8221;#757776&#8243; image_icon_background_color=&#8221;#e3e5e4&#8243; image_icon_width=&#8221;30px&#8221; _builder_version=&#8221;4.27.4&#8243; body_font=&#8221;Open Sans|600|||||||&#8221; body_text_color=&#8221;#2EC7B5&#8243; image_icon_custom_padding=&#8221;25px|25px|25px|25px|false|false&#8221; border_radii_image=&#8221;on|100%|100%|100%|100%&#8221; icon_font_size=&#8221;30px&#8221; use_circle=&#8221;on&#8221; circle_color=&#8221;#e3e5e4&#8243; locked=&#8221;off&#8221; global_colors_info=&#8221;{}&#8221; image_icon_background_color__sticky_enabled=&#8221;#2ec7b5&#8243; image_icon_background_color__sticky=&#8221;#2ec7b5&#8243;]<\/p>\n<p>ul. Gorcza\u0144ska 43, 34-400 Nowy Targ<\/p>\n<p>ul. Smolki 5, lokal 5, gabinet 7, 30-513 Krak\u00f3w<\/p>\n<p>ul. Konecznego 4\/12u, 31-216 Krak\u00f3w<\/p>\n<p>&nbsp;<\/p>\n<p>[\/et_pb_blurb][\/et_pb_column][\/et_pb_row][et_pb_row _builder_version=&#8221;4.16&#8243; global_colors_info=&#8221;{}&#8221;][et_pb_column type=&#8221;4_4&#8243; _builder_version=&#8221;4.16&#8243; custom_padding=&#8221;|||&#8221; global_colors_info=&#8221;{}&#8221; custom_padding__hover=&#8221;|||&#8221;][et_pb_code _builder_version=&#8221;4.18.0&#8243; _module_preset=&#8221;default&#8221; text_orientation=&#8221;center&#8221; global_module=&#8221;756&#8243; global_colors_info=&#8221;{}&#8221;][\/et_pb_code][\/et_pb_column][\/et_pb_row][\/et_pb_section][et_pb_section fb_built=&#8221;1&#8243; admin_label=&#8221;Email and FAQ&#8221; _builder_version=&#8221;4.16&#8243; custom_padding=&#8221;0|0px|54px|0px|false|false&#8221; global_colors_info=&#8221;{}&#8221;][et_pb_row _builder_version=&#8221;4.16&#8243; custom_padding=&#8221;0|0px|27px|0px|false|false&#8221; global_colors_info=&#8221;{}&#8221;][et_pb_column type=&#8221;4_4&#8243; _builder_version=&#8221;4.16&#8243; custom_padding=&#8221;|||&#8221; global_colors_info=&#8221;{}&#8221; custom_padding__hover=&#8221;|||&#8221;][et_pb_map address=&#8221;Krak\u00f3w&#8221; zoom_level=&#8221;8&#8243; address_lat=&#8221;49.804012815398&#8243; address_lng=&#8221;19.936484622002&#8243; mouse_wheel=&#8221;off&#8221; mobile_dragging=&#8221;off&#8221; _builder_version=&#8221;4.27.4&#8243; filter_hue_rotate=&#8221;133deg&#8221; filter_saturate=&#8221;57%&#8221; global_colors_info=&#8221;{}&#8221;][et_pb_map_pin title=&#8221;Gabinet w Krakowie&#8221; pin_address=&#8221;Smolki 5\/lokal 8a, 30-513 Krak\u00f3w, Polska&#8221; pin_address_lat=&#8221;50.0696788&#8243; pin_address_lng=&#8221;19.9393176&#8243; _builder_version=&#8221;4.24.0&#8243; global_colors_info=&#8221;{}&#8221;][\/et_pb_map_pin][et_pb_map_pin title=&#8221;Gabinet w Krakowie&#8221; pin_address=&#8221;Feliksa Konecznego 4\/12 u, 31-216 Krak\u00f3w, Polska&#8221; pin_address_lat=&#8221;50.0837055&#8243; pin_address_lng=&#8221;19.9446333&#8243; _builder_version=&#8221;4.27.4&#8243; global_colors_info=&#8221;{}&#8221;][\/et_pb_map_pin][et_pb_map_pin title=&#8221;Gabinet w Nowym Targu&#8221; pin_address=&#8221;Gorcza\u0144ska 43, 34-400 Nowy Targ, Polska&#8221; pin_address_lat=&#8221;49.492607&#8243; pin_address_lng=&#8221;20.0410009&#8243; _builder_version=&#8221;4.18.0&#8243; global_colors_info=&#8221;{}&#8221;][\/et_pb_map_pin][\/et_pb_map][\/et_pb_column][\/et_pb_row][\/et_pb_section][et_pb_section fb_built=&#8221;1&#8243; admin_label=&#8221;Newsletter&#8221; _builder_version=&#8221;4.18.0&#8243; background_color_gradient_direction=&#8221;90deg&#8221; custom_margin=&#8221;90px||||false|false&#8221; custom_margin_tablet=&#8221;0px|||&#8221; custom_margin_phone=&#8221;&#8221; custom_margin_last_edited=&#8221;on|tablet&#8221; box_shadow_style=&#8221;preset7&#8243; box_shadow_horizontal=&#8221;1240px&#8221; box_shadow_vertical=&#8221;0px&#8221; box_shadow_color=&#8221;#e4edea&#8221; global_module=&#8221;145&#8243; saved_tabs=&#8221;all&#8221; global_colors_info=&#8221;{}&#8221;][et_pb_row column_structure=&#8221;1_2,1_2&#8243; _builder_version=&#8221;4.18.0&#8243; global_colors_info=&#8221;{}&#8221;][et_pb_column type=&#8221;1_2&#8243; _builder_version=&#8221;4.16&#8243; custom_padding=&#8221;|||&#8221; custom_padding_tablet=&#8221;|40px||&#8221; custom_padding_phone=&#8221;|||&#8221; custom_padding_last_edited=&#8221;on|desktop&#8221; global_colors_info=&#8221;{}&#8221; custom_padding__hover=&#8221;|||&#8221;][et_pb_signup mailchimp_list=&#8221;gabinet@pretty-womanpl|fd2aaeed10&#8243; layout=&#8221;top_bottom&#8221; first_name_field=&#8221;off&#8221; last_name_field=&#8221;off&#8221; use_custom_fields=&#8221;on&#8221; success_message=&#8221;Odbierz maila i kliknij w link potwierdzaj\u0105cy subskrypcj\u0119&#8221; title=&#8221;Uzyskaj rabat 10%&#8221; button_text=&#8221;Zapisz si\u0119&#8221; description=&#8221;<\/p>\n<\/p>\n<p>B\u0119d\u0105c na naszej li\u015bcie mailingowej masz prawo do 10% rabatu przy <strong>pierwszej<\/strong> us\u0142udze. Nie zapomnij si\u0119 upomnie\u0107!<\/p>\n<p>UWAGA: Uwaga: rabat <strong>nie obowi\u0105zuje<\/strong> przy wizytach um\u00f3wionych przez portal Booksy. Aby z niego skorzysta\u0107, <strong>um\u00f3w si\u0119 telefonicznie <\/strong>lub  przez <strong>WhatsApp<\/strong> or <strong>SMS-em<\/strong>.<\/p>\n<\/p>\n<p>&#8221; _builder_version=&#8221;4.27.4&#8243; header_font=&#8221;||||||||&#8221; header_font_size=&#8221;45px&#8221; header_line_height=&#8221;1.5em&#8221; body_font=&#8221;||||||||&#8221; body_line_height=&#8221;2em&#8221; form_field_font=&#8221;||||||||&#8221; form_field_line_height=&#8221;1.5em&#8221; use_background_color=&#8221;off&#8221; custom_button=&#8221;on&#8221; button_text_size=&#8221;13px&#8221; button_text_color=&#8221;#2EC7B5&#8243; button_bg_color=&#8221;rgba(0,0,0,0)&#8221; button_bg_color_gradient_stops=&#8221;rgba(255,255,255,0) 95%|#8d8181 95%&#8221; button_bg_color_gradient_start=&#8221;rgba(255,255,255,0)&#8221; button_bg_color_gradient_start_position=&#8221;95%&#8221; button_bg_color_gradient_end=&#8221;#8d8181&#8243; button_bg_color_gradient_end_position=&#8221;95%&#8221; button_border_width=&#8221;0px&#8221; button_border_radius=&#8221;0px&#8221; button_font=&#8221;|600|||||||&#8221; button_icon=&#8221;&#xe03c;||divi||400&#8243; button_icon_placement=&#8221;left&#8221; background_layout=&#8221;light&#8221; max_width=&#8221;640px&#8221; custom_padding=&#8221;|10px|||false|false&#8221; header_font_size_tablet=&#8221;40px&#8221; header_font_size_phone=&#8221;28px&#8221; header_font_size_last_edited=&#8221;on|phone&#8221; border_radii_fields=&#8221;on|0px|0px|0px|0px&#8221; box_shadow_style_fields=&#8221;preset1&#8243; box_shadow_vertical_fields=&#8221;10px&#8221; box_shadow_blur_fields=&#8221;100px&#8221; box_shadow_spread_fields=&#8221;10px&#8221; box_shadow_color_fields=&#8221;#e4edea&#8221; global_colors_info=&#8221;{}&#8221; button_text_size__hover_enabled=&#8221;off&#8221; button_one_text_size__hover_enabled=&#8221;off&#8221; button_two_text_size__hover_enabled=&#8221;off&#8221; button_text_color__hover_enabled=&#8221;off&#8221; button_one_text_color__hover_enabled=&#8221;off&#8221; button_two_text_color__hover_enabled=&#8221;off&#8221; button_border_width__hover_enabled=&#8221;off&#8221; button_one_border_width__hover_enabled=&#8221;off&#8221; button_two_border_width__hover_enabled=&#8221;off&#8221; button_border_color__hover_enabled=&#8221;off&#8221; button_one_border_color__hover_enabled=&#8221;off&#8221; button_two_border_color__hover_enabled=&#8221;off&#8221; button_border_radius__hover_enabled=&#8221;off&#8221; button_one_border_radius__hover_enabled=&#8221;off&#8221; button_two_border_radius__hover_enabled=&#8221;off&#8221; button_letter_spacing__hover_enabled=&#8221;off&#8221; button_one_letter_spacing__hover_enabled=&#8221;off&#8221; button_two_letter_spacing__hover_enabled=&#8221;off&#8221; button_bg_color__hover_enabled=&#8221;off&#8221; button_one_bg_color__hover_enabled=&#8221;off&#8221; button_two_bg_color__hover_enabled=&#8221;off&#8221;][et_pb_signup_custom_field field_id=&#8221;f9cccade35&#8243; field_title=&#8221;Polityka prywatno\u015bci&#8221; field_type=&#8221;checkbox&#8221; checkbox_options=&#8221;%91{%22checked%22:0,%22value%22:%22Zgoda Marketingowa na wysy\u0142anie ofert promocyjnych, wi\u0119cej informacji w naszej polityce prywatno\u015bci.%22,%22id%22:%22de958a5492%22,%22dragID%22:-1}%93&#8243; _builder_version=&#8221;4.18.0&#8243; _module_preset=&#8221;default&#8221; global_colors_info=&#8221;{}&#8221; predefined_field=&#8221;f9cccade35&#8243;][\/et_pb_signup_custom_field][\/et_pb_signup][\/et_pb_column][et_pb_column type=&#8221;1_2&#8243; _builder_version=&#8221;4.18.0&#8243; custom_padding=&#8221;||||false|false&#8221; global_colors_info=&#8221;{}&#8221; custom_padding__hover=&#8221;|||&#8221;][et_pb_image src=&#8221;https:\/\/pretty-woman.pl\/wp-content\/uploads\/2026\/04\/Untitled-1.png&#8221; title_text=&#8221;Untitled&#8221; align_tablet=&#8221;center&#8221; align_phone=&#8221;center&#8221; align_last_edited=&#8221;on|desktop&#8221; disabled_on=&#8221;on|off|off&#8221; _builder_version=&#8221;4.27.4&#8243; z_index=&#8221;446&#8243; custom_margin=&#8221;-200px|-30%|||false|false&#8221; custom_margin_tablet=&#8221;0px|30%||&#8221; custom_margin_phone=&#8221;&#8221; custom_margin_last_edited=&#8221;on|phone&#8221; global_colors_info=&#8221;{}&#8221;][\/et_pb_image][\/et_pb_column][\/et_pb_row][\/et_pb_section]<\/p>","protected":false},"excerpt":{"rendered":"<p>+48 691 026 493Jesli nie odbieram, to prosz\u0119 o sms, oddzwoni\u0119 w pierwszej mo\u017cliwej chwili.ul. Gorcza\u0144ska 43, 34-400 Nowy Targ ul. Smolki 5, lokal 5, gabinet 7, 30-513 Krak\u00f3w ul. Konecznego 4\/12u, 31-216 Krak\u00f3w &nbsp;<\/p>","protected":false},"author":2,"featured_media":0,"parent":0,"menu_order":0,"comment_status":"closed","ping_status":"closed","template":"","meta":{"_seopress_robots_primary_cat":"","_seopress_titles_title":"","_seopress_titles_desc":"","_seopress_robots_index":"","_et_pb_use_builder":"on","_et_pb_old_content":"","_et_gb_content_width":"","footnotes":""},"class_list":["post-247","page","type-page","status-publish","hentry"],"_links":{"self":[{"href":"https:\/\/pretty-woman.pl\/en\/wp-json\/wp\/v2\/pages\/247","targetHints":{"allow":["GET"]}}],"collection":[{"href":"https:\/\/pretty-woman.pl\/en\/wp-json\/wp\/v2\/pages"}],"about":[{"href":"https:\/\/pretty-woman.pl\/en\/wp-json\/wp\/v2\/types\/page"}],"author":[{"embeddable":true,"href":"https:\/\/pretty-woman.pl\/en\/wp-json\/wp\/v2\/users\/2"}],"replies":[{"embeddable":true,"href":"https:\/\/pretty-woman.pl\/en\/wp-json\/wp\/v2\/comments?post=247"}],"version-history":[{"count":33,"href":"https:\/\/pretty-woman.pl\/en\/wp-json\/wp\/v2\/pages\/247\/revisions"}],"predecessor-version":[{"id":1192,"href":"https:\/\/pretty-woman.pl\/en\/wp-json\/wp\/v2\/pages\/247\/revisions\/1192"}],"wp:attachment":[{"href":"https:\/\/pretty-woman.pl\/en\/wp-json\/wp\/v2\/media?parent=247"}],"curies":[{"name":"wp","href":"https:\/\/api.w.org\/{rel}","templated":true}]}}