{"id":228,"date":"2022-08-31T06:14:00","date_gmt":"2022-08-31T04:14:00","guid":{"rendered":"https:\/\/pretty-woman.pl\/?page_id=228"},"modified":"2024-05-31T21:18:44","modified_gmt":"2024-05-31T19:18:44","slug":"cookies","status":"publish","type":"page","link":"https:\/\/pretty-woman.pl\/en\/cookies\/","title":{"rendered":"Cookies"},"content":{"rendered":"<p>[et_pb_section fb_built=&#8221;1&#8243; _builder_version=&#8221;4.18.0&#8243; _module_preset=&#8221;default&#8221; background_image=&#8221;https:\/\/pretty-woman.pl\/wp-content\/uploads\/2022\/08\/lisc-pierwszy-turkus-1.png&#8221; background_size=&#8221;initial&#8221; background_position=&#8221;top_left&#8221; global_colors_info=&#8221;{}&#8221;][et_pb_row _builder_version=&#8221;4.18.0&#8243; _module_preset=&#8221;default&#8221; global_colors_info=&#8221;{}&#8221;][et_pb_column type=&#8221;4_4&#8243; _builder_version=&#8221;4.18.0&#8243; _module_preset=&#8221;default&#8221; global_colors_info=&#8221;{}&#8221;][et_pb_text _builder_version=&#8221;4.24.0&#8243; _module_preset=&#8221;default&#8221; hover_enabled=&#8221;0&#8243; global_colors_info=&#8221;{}&#8221; sticky_enabled=&#8221;0&#8243;]<\/p>\n<h1 style=\"text-align: center;\">Informacja o cookies<span><\/span><\/h1>\n<p>&nbsp;<\/p>\n<p><span>Niniejsza Polityka dotycz\u0105ca plik\u00f3w cookie (ciasteczek, plik\u00f3w cookie HTTP) wyja\u015bnia, czym s\u0105 pliki cookie i w jaki spos\u00f3b je wykorzystujemy na stronie, na kt\u00f3rej si\u0119 znajdujesz.\u00a0<\/span><\/p>\n<p><span><\/span><span>Dowiesz si\u0119 tutaj:<\/span><span><\/span><\/p>\n<ul>\n<li><span>Czym s\u0105 pliki cookie?<\/span><\/li>\n<li><span>Jakie s\u0105\u00a0<\/span><span>rodzaje plik\u00f3w cookie, kt\u00f3rych u\u017cywamy, tj. informacje, kt\u00f3re zbieramy za ich pomoc\u0105?<\/span><\/li>\n<li><span>Jak te informacje s\u0105 wykorzystywane?<\/span><\/li>\n<li><span>A tak\u017ce, jak zarz\u0105dza\u0107 ustawieniami plik\u00f3w cookie?<\/span><\/li>\n<\/ul>\n<h2>Czym s\u0105 pliki cookies (ciasteczka)?<\/h2>\n<p><span>Pliki cookie to ma\u0142e fragmenty tekstu wysy\u0142ane do przegl\u0105darki przez odwiedzan\u0105 stron\u0119 lub aplikacj\u0119 internetow\u0105 (tzw. webow\u0105). Pomagaj\u0105 one mi\u0119dzy innymi zapisywa\u0107 informacje o Twojej wizycie,\u00a0 co mo\u017ce u\u0142atwi\u0107 ponowne odwiedzenie strony i uczyni\u0107 j\u0105 bardziej u\u017cyteczn\u0105 dla Ciebie. Pliki cookie s\u0105 integraln\u0105 cz\u0119\u015bci\u0105 sposobu dzia\u0142ania nowoczesnych stron internetowych. Warto tu zaznaczy\u0107, \u017ce pliki te, nie s\u0105 programami komputerowymi i jako takie same w sobie nie dzia\u0142aj\u0105 jak aplikacje. S\u0105 one jedynie rodzajem pakietu danych przesy\u0142anych mi\u0119dzy przegl\u0105dark\u0105 u\u017cytkownika, a serwerem witryny.\u00a0 Pliki cookie nie mog\u0105 zatem zawiera\u0107 z\u0142o\u015bliwego oprogramowania ani wirus\u00f3w, nie mog\u0105 uzyska\u0107 dost\u0119pu do Twojego dysku twardego i nie mog\u0105 przej\u0105\u0107 kontroli nad Twoim komputerem. Powodem, wobec kt\u00f3rego powsta\u0142 obowi\u0105zek informacyjny dotycz\u0105cy polityki cookies, jest kwestia prywatno\u015bci. Pliki cookie s\u0142u\u017c\u0105 u\u017cytecznym, a czasem niezb\u0119dnym funkcjom w poruszaniu si\u0119 po internecie. Umo\u017cliwiaj\u0105 one przyk\u0142adowo przechowywanie informacji stanowych (takich jak przedmioty dodane do koszyka w sklepie internetowym, stan zalogowania w banku internetowym) na urz\u0105dzeniu u\u017cytkownika lub \u015bledzenie aktywno\u015bci przegl\u0105dania u\u017cytkownika (wi\u0119kszo\u015b\u0107 personalizacji i integracji medi\u00f3w spo\u0142eczno\u015bciowych na stronach internetowych opiera si\u0119 na plikach cookie w taki czy inny spos\u00f3b).<\/span><\/p>\n<h3>Gdzie znajduj\u0105 si\u0119 pliki cookie?<\/h3>\n<p><span>Pliki cookie s\u0105 umieszczane na urz\u0105dzeniu, z kt\u00f3rego uzyskuje si\u0119 dost\u0119p do strony internetowej (wsp\u00f3\u0142cze\u015bnie mo\u017ce to by\u0107 komputer, smartfon, tablet, telewizor itd.).\u00a0<\/span><span>W praktyce wygl\u0105da to tak, \u017ce gdy\u00a0 odwiedzasz witryn\u0119, witryna wysy\u0142a pliki cookie do Twojego urz\u0105dzenia, a urz\u0105dzenie przechowuje je w plikach przegl\u0105darki internetowej.<\/span><span><\/span><\/p>\n<h3>O co chodzi z t\u0105 prywatno\u015bci\u0105 i bezpiecze\u0144stwem?<\/h3>\n<p><span>Skoro pliki cookies to tylko nieszkodliwe pliki tekstowe, dlaczego zatem ca\u0142e to zamieszanie, dlaczego zgodnie z zapisami ustaw (przejd\u017a do\u00a0<\/span><a href=\"https:\/\/cookies.edu.pl\/kategoria_prawna\/cookies\/\">ustaw<\/a><span>) powsta\u0142 obowi\u0105zek informacyjny dotycz\u0105cy cookies? Sprawa nie tyle dotyczy bezpiecze\u0144stwa, ile raczej prywatno\u015bci. Cho\u0107 je\u015bli chodzi o bezpiecze\u0144stwo, te\u017c w przypadku cookies trzeba uwa\u017ca\u0107 na kilka rzeczy i przyk\u0142adowo nie u\u017cywa\u0107 opcji zapami\u0119tywania hase\u0142 i formularzy (kt\u00f3ra wykorzystuje cookies) na nie swoim komputerze. Je\u017celi za\u015b chodzi o prywatno\u015b\u0107 i cookies, kwestia pierwotnie dotyczy\u0142a system\u00f3w \u015bledz\u0105cych statystyki i system\u00f3w reklamowych. Dzi\u0119ki, posiadaniu rozleg\u0142ej sieci reklamowej, niekt\u00f3re firmy, kt\u00f3rych cookies jest obs\u0142ugiwane przez wiele stron internetowych, s\u0105 w stanie dok\u0142adniej celowa\u0107 w preferencje u\u017cytkownik\u00f3w, co mo\u017ce godzi\u0107 w ich prywatno\u015b\u0107. W praktyce wygl\u0105da to przyk\u0142adowo tak, czego\u015b szukamy w internecie, chodzimy po r\u00f3\u017cnych stronach, a potem przez jaki\u015b czas pojawiaj\u0105 si\u0119 nam w internecie reklamy skojarzone z tym, czego szukali\u015bmy. Ca\u0142y ten mechanizm obs\u0142ugiwany jest dzi\u0119ki danym zapisanym w cookies. Wchodz\u0105c na dan\u0105 stron\u0119 zawieraj\u0105c\u0105 reklamy, skrypt sczytuje z cookies poprzednie sesje, na podstawie kt\u00f3rych odpowiednie algorytmy dopasowuj\u0105 tre\u015b\u0107. Tutaj w\u0142a\u015bnie pojawia si\u0119 problem prywatno\u015bci, pytanie brzmi: W jakim stopniu chcemy pozwoli\u0107, by nasze wyszukiwania w internecie by\u0142y danymi wykorzystywanymi w celach marketingowych?<\/span><\/p>\n<h2>Jak wykorzystywane s\u0105 pliki cookie? &#8211; trzy rodzaje plik\u00f3w<\/h2>\n<p><span>Wiemy ju\u017c,\u00a0 \u017ce strony internetowe u\u017cywaj\u0105 plik\u00f3w cookie HTTP w celu usprawnienia korzystania z Internetu. Dzia\u0142anie plik\u00f3w cookies na stronach internetowych mo\u017cna podzieli\u0107 na 3 kategorie, reprezentuj\u0105ce trzy rodzaje tych\u017ce danych:<\/span><\/p>\n<ul>\n<li><strong>Zarz\u0105dzanie sesjami u\u017cytkownika<\/strong>\u00a0 &#8211; Sesje u\u017cytkownika u\u0142atwiaj\u0105 bezpieczn\u0105 interakcj\u0119 mi\u0119dzy u\u017cytkownikiem a jak\u0105\u015b us\u0142ug\u0105 lub aplikacj\u0105. Gdy u\u017cytkownik kontynuuje interakcj\u0119 z aplikacj\u0105 internetow\u0105, wysy\u0142a \u017c\u0105dania, kt\u00f3re pomagaj\u0105 \u015bledzi\u0107 status u\u017cytkownika podczas sesji. W praktyce takie pliki cookie wykorzystywane s\u0105 do logowania, automatycznego wype\u0142niania p\u00f3l formularzy, listy zakup\u00f3w itd. Pliki cookie sesji, zwane r\u00f3wnie\u017c<span>\u00a0<\/span><em>tymczasowymi plikami cookie<\/em>, gdy\u017c istniej\u0105 tylko w pami\u0119ci tymczasowej (gdy u\u017cytkownik znajduje si\u0119 na stronie witryny). Przegl\u0105darki zazwyczaj usuwaj\u0105 sesyjne pliki cookie po zamkni\u0119ciu przez u\u017cytkownika okna przegl\u0105darki.<\/li>\n<li><strong>Personalizacja u\u017cytkownika<\/strong><span>\u00a0<\/span>&#8211; Personalizacja u\u017cytkownika zapisuje preferencje i ustawienia u\u017cytkownika w celu ponownego u\u017cycia, gdy u\u017cytkownik loguje si\u0119 lub uruchamia aplikacj\u0119. Ustawienia s\u0105 zapisywane i synchronizowane z centraln\u0105 baz\u0105 danych, aby pom\u00f3c u\u017cytkownikom powr\u00f3ci\u0107 do preferowanych ustawie\u0144 u\u017cywanych podczas pierwszej interakcji z aplikacj\u0105. Przyk\u0142ady takiego zastosowania to ustawienia u\u017cytkownika, motywy, j\u0119zyk strony.<\/li>\n<li><strong>\u015aledzenie<\/strong><span>\u00a0<\/span>&#8211; \u015aledzenie rejestruje i analizuje nawyki przegl\u0105dania sieci przez u\u017cytkownika oraz znajduje liczb\u0119 i typy odwiedzanych przez niego stron. Szczeg\u00f3\u0142y obejmuj\u0105 czas sp\u0119dzony na stronie i sekwencj\u0119 stron w sesjach u\u017cytkownika. Ze wzgl\u0119du na poufne informacje zwi\u0105zane ze \u015bledzeniem u\u017cytkownicy powinni zdawa\u0107 sobie spraw\u0119 z luk w zabezpieczeniach podczas odwiedzania niezabezpieczonych stron internetowych. Takich cookie u\u017cywa si\u0119 do statystyk, a tak\u017ce do dzia\u0142a\u0144 marketingowych.<\/li>\n<\/ul>\n<h2><b>Nasza strona u\u017cywa plik\u00f3w cookies<\/b><span><\/span><\/h2>\n<p><span>Korzystasz z naszej strony www strony zgodnie z ustawieniami Twojej przegl\u0105darki lub urz\u0105dzenia do przegl\u0105dania stron internetowych. Je\u015bli Twoje ustawienia zezwalaj\u0105 na zapisywanie cookie, takowe s\u0105 zapisywane.<\/span><\/p>\n<h3><b>Wyszczeg\u00f3lnione dzia\u0142ania cookies z naszej strony:<\/b><span><\/span><\/h3>\n<ul>\n<li>Ulepszona nawigacja na stronie, dzi\u0119ki cookie w niekt\u00f3rych przypadkach mo\u017cemy sprawdzi\u0107 poprzednie preferencje u\u017cytkownika, co sprawia, \u017ce skrypty mog\u0105 podsun\u0105\u0107 bardziej dopasowane tre\u015bci. Zwi\u0119kszamy dzi\u0119ki temu wydajno\u015b\u0107 strony internetowej.<\/li>\n<li>Dzi\u0119ki cookie mo\u017cemy sprawdzi\u0107, czy jeste\u015b nowym czy te\u017c powracaj\u0105cym u\u017cytkownikiem, a co z tym idzie, mo\u017cemy dostosowa\u0107 stron\u0119 tak, by nie pokazywa\u0107 Ci tych samych informacji kilkukrotnie, jak i te\u017c pokaza\u0107 Ci specjaln\u0105 informacj\u0119 tylko dla powracaj\u0105cych u\u017cytkownik\u00f3w, np. baner z zapisem na Newsletter.<\/li>\n<li>Cookies pozwala nam stosowa\u0107 statystyki i analizy, dzi\u0119ki kt\u00f3rym dowiadujemy si\u0119 o preferencjach i pochodzeniu u\u017cytkownik\u00f3w. Co te\u017c pozwala nam na prawid\u0142owy rozw\u00f3j naszego portalu w dobrym kierunku, zwi\u0119kszaj\u0105c jego wydajno\u015b\u0107, gdy\u017c dzi\u0119ki temu wiemy, co jest w naszym serwisie najbardziej popularne.<\/li>\n<li>Je\u015bli na stronie jest koszyk zakupowy (jest mo\u017cliwo\u015b\u0107 robienia zakup\u00f3w), p\u0142atno\u015bci itd. mechanizmy te korzystaj\u0105 z plik\u00f3w cookies.<\/li>\n<li>Je\u015bli na stronie jest mo\u017cliwo\u015b\u0107 logowania si\u0119 &#8211; dost\u0119p tylko dla subskrybent\u00f3w, u\u017cytkownik\u00f3w zalogowanych wykorzystuje ona cookies.<\/li>\n<li>Pliki cookies mog\u0105 s\u0142u\u017cy\u0107 do zapewnienia bezpiecze\u0144stwa, wykorzystywane s\u0105 do wykrywania nadu\u017cy\u0107 obr\u0119bie serwisu.<\/li>\n<li>Je\u015bli na stronie jest mo\u017cliwo\u015b\u0107 g\u0142osowania\/oceniania mo\u017ce wykorzystywa\u0107 ona cookies.<\/li>\n<li>Je\u015bli na stronie istnieje mo\u017cliwo\u015b\u0107 wykorzystywania \u015bledzenia polece\u0144 &#8211; program afiliacyjny, partnerski, wykorzystuje on cookies. Dzi\u0119ki tej funkcji mamy mo\u017cliwo\u015b\u0107 \u015bledzenia polece\u0144 &#8211; mamy mo\u017cliwo\u015b\u0107 sprawdzenia kto poleci\u0142 nasz\u0105 stron\u0119 innemu u\u017cytkownikowi, dzi\u0119ki czemu zwi\u0119kszamy funkcjonalno\u015b\u0107 naszego serwisu.<\/li>\n<li>Je\u017celi na stronie wy\u015bwietlane s\u0105 reklamy, dzi\u0119ki cookies mo\u017cemy \u015bledzi\u0107 podstawowe ich wska\u017anikii ich skuteczno\u015b\u0107.<\/li>\n<li>Na naszej stronie internetowej, mo\u017ce by\u0107 stosowane testowanie jej r\u00f3\u017cnych wersji.<\/li>\n<li>Dzi\u0119ki cookies mo\u017cemy lepiej monitorowa\u0107 b\u0142\u0119dy na naszej stronie i szybciej je naprawia\u0107.<\/li>\n<\/ul>\n<h3><strong>Cookie ze stron powi\u0105zanych:<\/strong><span><\/span><\/h3>\n<p><span>Korzystamy z us\u0142ug zewn\u0119trznych, kt\u00f3re mog\u0105 korzysta\u0107 z plik\u00f3w cookie. Te pliki cookie umo\u017cliwiaj\u0105 stronom trzecim rozpoznanie, \u017ce odwiedzi\u0142e\u015b nasz\u0105 stron\u0119 internetow\u0105. My i nasi zewn\u0119trzni dostawcy us\u0142ug mo\u017cemy r\u00f3wnie\u017c \u0142\u0105czy\u0107 informacje uzyskane z tych plik\u00f3w cookie z danymi osobowymi dost\u0119pnymi z innych \u017ar\u00f3de\u0142, w tym danymi zebranymi o Tobie podczas korzystania z innych witryn internetowych. Na podstronach mog\u0105 wyst\u0105pi\u0107 takie elementy, kt\u00f3re korzystaj\u0105 z cookies jak:<\/span><\/p>\n<ul>\n<li>Linki (hiper\u0142\u0105cza) do innych stron internetowych, ka\u017cda z tych stron posiada swoj\u0105 polityk\u0119 cookies, je\u015bli skorzystasz (klikniesz w link) powiniene\u015b zapozna\u0107 si\u0119 z polityk\u0105 cookies strony, na kt\u00f3rej si\u0119 znalaz\u0142e\u015b.<\/li>\n<li>Narz\u0119dzia Google: statystyki Google Analytics, reklamy google, mapka google, narz\u0119dzie google plus, filmy z serwisu youtube i inne &#8211; szczeg\u00f3\u0142owy opis polityki plik\u00f3w cookie us\u0142ug zwi\u0105zanych z google znajdziesz tutaj:<span>\u00a0<\/span><a href=\"https:\/\/web.archive.org\/web\/20180903145127\/http:\/\/www.google.com\/policies\/privacy\/\" target=\"_blank\" rel=\"nofollow noopener\">http:\/\/www.google.com\/policies\/privacy\/<\/a>.<\/li>\n<li>Narz\u0119dzia FaceBook i innych sieci spo\u0142eczno\u015bciowych &#8211; mo\u017cesz znale\u017a\u0107 na naszej stronie narz\u0119dzie ramka fan\u00f3w, przycisk lubi\u0119 to i inne narz\u0119dzia udost\u0119pnione przez serwisy spo\u0142eczno\u015bciowe.<\/li>\n<li>Strona mo\u017ce posiada\u0107 tak\u017ce inne 'osadzone&#8217; przyciski oraz materia\u0142y reklamowe, aplikacje, kt\u00f3re umo\u017cliwiaj\u0105 u\u017cytkownikom witryny polubienie, podlinkowanie i podejmowanie innych akcji za po\u015brednictwem serwis\u00f3w spo\u0142eczno\u015bciowych i powi\u0105zanych. Nie kontrolujemy tych serwis\u00f3w, ka\u017cdy z nich posiada swoje ustawienia cookies, ka\u017cdy tych serwis\u00f3w ma swoj\u0105 polityk\u0119 cookies. Ustawiaj\u0105c odpowiednio swoj\u0105 przegl\u0105dark\u0119, masz mo\u017cliwo\u015b\u0107 decydowa\u0107 czy chcesz tym firmom da\u0107 tak\u0105 mo\u017cliwo\u015b\u0107.<\/li>\n<\/ul>\n<h2><b>Jak wy\u0142\u0105czy\u0107 cookies?<\/b><span><\/span><\/h2>\n<p><span>Przegl\u0105daj\u0105c t\u0119 stron\u0119 korzystasz z urz\u0105dzenia lub przegl\u0105darki (oprogramowania na komputerze), kt\u00f3re takowe zapisywanie cookies umo\u017cliwia.\u00a0<\/span><span>Przegl\u0105darki umo\u017cliwiaj\u0105 zmian\u0119 ustawie\u0144 dotycz\u0105cych plik\u00f3w cookies.\u00a0<\/span><span class=\"\">Ustawienia te, znajduj\u0105 si\u0119 zwykle w menu &#8222;Opcje&#8221;, &#8222;Ustawienia&#8221; lub &#8222;Preferencje&#8221; przegl\u0105darki.<\/span><span>\u00a0<\/span><span>W wielu przypadkach opcja zapisywania cookies jest domy\u015blnie w\u0142\u0105czona &#8211; domy\u015blnie dopuszcza zapisywanie cookies. Informacje dotycz\u0105ce ustawie\u0144 cookies i podobnych technologi &#8211; blokowanie, usuwanie mo\u017cna znale\u017a\u0107 materia\u0142ach pomocy przegl\u0105darki, urz\u0105dzenia z kt\u00f3rego w tej chwili korzystasz lub na stronie<\/span><span>\u00a0<\/span><a href=\"https:\/\/cookies.edu.pl\/kategorie_instrukcje\/cookies\/\" target=\"_blank\" rel=\"noopener\">Jak dzia\u0142a coookies? &#8211; cookies.edu.pl<\/a><span>. Korzystanie z tych rozwi\u0105za\u0144 mo\u017ce wp\u0142ywa\u0107 na mo\u017cliwo\u015b\u0107 korzystania z naszej witryny, naszych aplikacji, oraz witryn i aplikacji powi\u0105zanych. Niestety wbrew najszczerszym ch\u0119ciom nie jeste\u015bmy w stanie zapewni\u0107 sprawnego funkcjonowania strony dla urz\u0105dze\u0144 z wy\u0142\u0105czon\u0105 obs\u0142ug\u0105 cookies.<\/span><span><\/span><\/p>\n<h3><strong>Jak zmieni\u0107 swoj\u0105 zgod\u0119?<\/strong><\/h3>\n<p><span>Je\u015bli nie zmieni\u0142e\u015b ustawie\u0144 swojej przegl\u0105darki (twoja przegl\u0105darka ma domy\u015blnie zaznaczone akceptowanie cookies), wyra\u017casz zgod\u0119 na u\u017cywanie plik\u00f3w cookie podczas uzyskiwania dost\u0119pu do naszej strony internetowej. Je\u015bli chcesz cofn\u0105\u0107 zgod\u0119 w dowolnym momencie, musisz zmieni\u0107 ustawienia swojej przegl\u0105darki.<\/span><\/p>\n<p>[\/et_pb_text][\/et_pb_column][\/et_pb_row][\/et_pb_section]<\/p>","protected":false},"excerpt":{"rendered":"<p>Informacja o cookies &nbsp; Niniejsza Polityka dotycz\u0105ca plik\u00f3w cookie (ciasteczek, plik\u00f3w cookie HTTP) wyja\u015bnia, czym s\u0105 pliki cookie i w jaki spos\u00f3b je wykorzystujemy na stronie, na kt\u00f3rej si\u0119 znajdujesz.\u00a0 Dowiesz si\u0119 tutaj: Czym s\u0105 pliki cookie? Jakie s\u0105\u00a0rodzaje plik\u00f3w cookie, kt\u00f3rych u\u017cywamy, tj. informacje, kt\u00f3re zbieramy za ich pomoc\u0105? Jak te informacje s\u0105 wykorzystywane? [&hellip;]<\/p>","protected":false},"author":2,"featured_media":0,"parent":0,"menu_order":0,"comment_status":"closed","ping_status":"closed","template":"","meta":{"_seopress_robots_primary_cat":"","_seopress_titles_title":"","_seopress_titles_desc":"","_seopress_robots_index":"","_et_pb_use_builder":"on","_et_pb_old_content":"","_et_gb_content_width":"","footnotes":""},"class_list":["post-228","page","type-page","status-publish","hentry"],"_links":{"self":[{"href":"https:\/\/pretty-woman.pl\/en\/wp-json\/wp\/v2\/pages\/228","targetHints":{"allow":["GET"]}}],"collection":[{"href":"https:\/\/pretty-woman.pl\/en\/wp-json\/wp\/v2\/pages"}],"about":[{"href":"https:\/\/pretty-woman.pl\/en\/wp-json\/wp\/v2\/types\/page"}],"author":[{"embeddable":true,"href":"https:\/\/pretty-woman.pl\/en\/wp-json\/wp\/v2\/users\/2"}],"replies":[{"embeddable":true,"href":"https:\/\/pretty-woman.pl\/en\/wp-json\/wp\/v2\/comments?post=228"}],"version-history":[{"count":7,"href":"https:\/\/pretty-woman.pl\/en\/wp-json\/wp\/v2\/pages\/228\/revisions"}],"predecessor-version":[{"id":1011,"href":"https:\/\/pretty-woman.pl\/en\/wp-json\/wp\/v2\/pages\/228\/revisions\/1011"}],"wp:attachment":[{"href":"https:\/\/pretty-woman.pl\/en\/wp-json\/wp\/v2\/media?parent=228"}],"curies":[{"name":"wp","href":"https:\/\/api.w.org\/{rel}","templated":true}]}}