{"id":1020,"date":"2024-09-09T00:30:10","date_gmt":"2024-09-08T22:30:10","guid":{"rendered":"https:\/\/pretty-woman.pl\/?page_id=1020"},"modified":"2026-04-03T16:25:58","modified_gmt":"2026-04-03T14:25:58","slug":"zespol","status":"publish","type":"page","link":"https:\/\/pretty-woman.pl\/en\/zespol\/","title":{"rendered":"Team"},"content":{"rendered":"<p>[et_pb_section fb_built=&#8221;1&#8243; specialty=&#8221;on&#8221; background_color_1=&#8221;RGBA(255,255,255,0)&#8221; padding_top_1=&#8221;110px&#8221; padding_top_bottom_link_1=&#8221;false&#8221; padding_1_tablet=&#8221;|||&#8221; padding_1_last_edited=&#8221;off|desktop&#8221; admin_label=&#8221;Header&#8221; _builder_version=&#8221;4.27.4&#8243; background_color=&#8221;#FFFFFF&#8221; background_image=&#8221;https:\/\/pretty-woman.pl\/wp-content\/uploads\/2026\/04\/tlo5.jpg&#8221; background_size=&#8221;initial&#8221; background_position=&#8221;top_left&#8221; custom_padding=&#8221;100px|0px|0px|0px|false|false&#8221; global_colors_info=&#8221;{}&#8221; title_text=&#8221;untitled&#8221;][et_pb_column type=&#8221;1_2&#8243; _builder_version=&#8221;4.16&#8243; custom_padding=&#8221;|||&#8221; global_colors_info=&#8221;{}&#8221; custom_padding__hover=&#8221;|||&#8221;][et_pb_text _builder_version=&#8221;4.18.0&#8243; text_font=&#8221;||||||||&#8221; text_line_height=&#8221;2em&#8221; header_font=&#8221;||||||||&#8221; header_text_color=&#8221;#2EC7B5&#8243; header_font_size=&#8221;26px&#8221; header_line_height=&#8221;1.5em&#8221; header_6_font=&#8221;||||||||&#8221; max_width_last_edited=&#8221;off|desktop&#8221; module_alignment=&#8221;center&#8221; custom_margin=&#8221;||48px|||&#8221; custom_padding=&#8221;|||&#8221; text_font_size_tablet=&#8221;&#8221; text_font_size_phone=&#8221;14px&#8221; text_font_size_last_edited=&#8221;on|desktop&#8221; header_font_size_tablet=&#8221;26px&#8221; header_font_size_phone=&#8221;25px&#8221; header_font_size_last_edited=&#8221;on|tablet&#8221; locked=&#8221;off&#8221; global_colors_info=&#8221;{}&#8221;]<\/p>\n<h1 style=\"text-align: center;\">Agnieszka Guzowska<\/h1>\n<p>I am a medical student majoring in medicine, as well as a medical professional who approaches every client with full commitment and care. I have numerous certifications and have completed many advanced courses to ensure the highest level of safety and effectiveness of the procedures I perform. I am constantly expanding my knowledge by attending trainings and conferences, because it is very important to me that each of you feels special and safe with me.<\/p>\n<p>I understand that the decision to undergo aesthetic treatment can cause many concerns and questions. That&#039;s why I always try to create an atmosphere full of empathy and understanding, where every client feels heard and cared for. We thoroughly discuss all the details before the procedure, answer every question and dispel all doubts. If you are afraid of needles or this is your first visit to an aesthetic medicine office, I am here to reassure you and make sure that every step is comfortable for you.<\/p>\n<p>I want the results of my work to not only improve your appearance, but also increase your self-esteem and positively affect your well-being. I know how important it is to feel beautiful and confident, so I always act in such a way that you can look in the mirror with a smile and enjoy the results.<\/p>\n<p>I am available for you, ready to answer all your questions, although I am usually at the university by 14:00, so please be patient \u2014 I will definitely call you back in the first free minute. I cordially invite you to connect and discover the beauty that is in each of you.\u00a0<\/p>\n<p>[\/et_pb_text][et_pb_code _builder_version=&#8221;4.18.0&#8243; _module_preset=&#8221;default&#8221; text_orientation=&#8221;center&#8221; global_module=&#8221;756&#8243; global_colors_info=&#8221;{}&#8221;][\/et_pb_code][\/et_pb_column][et_pb_column type=&#8221;1_2&#8243; specialty_columns=&#8221;2&#8243; _builder_version=&#8221;4.16&#8243; custom_padding=&#8221;|||&#8221; global_colors_info=&#8221;{}&#8221; custom_padding__hover=&#8221;|||&#8221;][et_pb_row_inner _builder_version=&#8221;4.18.0&#8243; width=&#8221;86%&#8221; custom_margin_tablet=&#8221;100px|||&#8221; custom_margin_phone=&#8221;&#8221; custom_margin_last_edited=&#8221;on|phone&#8221; custom_padding=&#8221;0|0px|0|0px|true|false&#8221; border_color_all=&#8221;RGBA(255,255,255,0)&#8221; box_shadow_style=&#8221;preset4&#8243; box_shadow_horizontal=&#8221;80px&#8221; box_shadow_vertical=&#8221;-63px&#8221; box_shadow_spread=&#8221;9px&#8221; box_shadow_color=&#8221;#7BFCE7&#8243; global_colors_info=&#8221;{}&#8221;][et_pb_column_inner saved_specialty_column_type=&#8221;1_2&#8243; _builder_version=&#8221;4.16&#8243; custom_padding=&#8221;|||&#8221; global_colors_info=&#8221;{}&#8221; custom_padding__hover=&#8221;|||&#8221;][et_pb_image src=&#8221;https:\/\/pretty-woman.pl\/wp-content\/uploads\/2024\/09\/Zdjecie-WhatsApp-2024-09-05-o-17.03.38_11f2ba21.jpg&#8221; alt=&#8221;medycyna estetyczna&#8221; title_text=&#8221;Zdj\u0119cie WhatsApp 2024-09-05 o 17.03.38_11f2ba21&#8243; align_tablet=&#8221;center&#8221; align_phone=&#8221;center&#8221; align_last_edited=&#8221;on|desktop&#8221; admin_label=&#8221;medycyna estetyczna&#8221; _builder_version=&#8221;4.24.0&#8243; background_enable_color=&#8221;off&#8221; animation_style=&#8221;zoom&#8221; animation_intensity_zoom=&#8221;5%&#8221; border_width_all=&#8221;30px&#8221; border_color_all=&#8221;#ffffff&#8221; box_shadow_style=&#8221;preset3&#8243; box_shadow_vertical=&#8221;80px&#8221; box_shadow_blur=&#8221;150px&#8221; box_shadow_color=&#8221;rgba(0,0,0,0.2)&#8221; locked=&#8221;off&#8221; global_colors_info=&#8221;{}&#8221;][\/et_pb_image][dipl_masonry_gallery image_ids=&#8221;1042,1043,1044,1045,1046,1047,1048,1049,1050,1051,1052,1053,1054,1055&#8243; enable_lightbox=&#8221;on&#8221; _builder_version=&#8221;4.24.0&#8243; _module_preset=&#8221;default&#8221; global_colors_info=&#8221;{}&#8221;][\/dipl_masonry_gallery][\/et_pb_column_inner][\/et_pb_row_inner][\/et_pb_column][\/et_pb_section][et_pb_section fb_built=&#8221;1&#8243; admin_label=&#8221;Newsletter&#8221; _builder_version=&#8221;4.18.0&#8243; background_color_gradient_direction=&#8221;90deg&#8221; custom_margin=&#8221;90px||||false|false&#8221; custom_margin_tablet=&#8221;0px|||&#8221; custom_margin_phone=&#8221;&#8221; custom_margin_last_edited=&#8221;on|tablet&#8221; box_shadow_style=&#8221;preset7&#8243; box_shadow_horizontal=&#8221;1240px&#8221; box_shadow_vertical=&#8221;0px&#8221; box_shadow_color=&#8221;#e4edea&#8221; global_module=&#8221;145&#8243; saved_tabs=&#8221;all&#8221; global_colors_info=&#8221;{}&#8221;][et_pb_row column_structure=&#8221;1_2,1_2&#8243; _builder_version=&#8221;4.18.0&#8243; global_colors_info=&#8221;{}&#8221;][et_pb_column type=&#8221;1_2&#8243; _builder_version=&#8221;4.16&#8243; custom_padding=&#8221;|||&#8221; custom_padding_tablet=&#8221;|40px||&#8221; custom_padding_phone=&#8221;|||&#8221; custom_padding_last_edited=&#8221;on|desktop&#8221; global_colors_info=&#8221;{}&#8221; custom_padding__hover=&#8221;|||&#8221;][et_pb_signup mailchimp_list=&#8221;gabinet@pretty-womanpl|fd2aaeed10&#8243; layout=&#8221;top_bottom&#8221; first_name_field=&#8221;off&#8221; last_name_field=&#8221;off&#8221; use_custom_fields=&#8221;on&#8221; success_message=&#8221;Odbierz maila i kliknij w link potwierdzaj\u0105cy subskrypcj\u0119&#8221; title=&#8221;Uzyskaj rabat 10%&#8221; button_text=&#8221;Zapisz si\u0119&#8221; description=&#8221;<\/p>\n<\/p>\n<p>B\u0119d\u0105c na naszej li\u015bcie mailingowej masz prawo do 10% rabatu przy <strong>pierwszej<\/strong> us\u0142udze. Nie zapomnij si\u0119 upomnie\u0107!<\/p>\n<p>UWAGA: Uwaga: rabat <strong>nie obowi\u0105zuje<\/strong> przy wizytach um\u00f3wionych przez portal Booksy. Aby z niego skorzysta\u0107, <strong>um\u00f3w si\u0119 telefonicznie <\/strong>lub  przez <strong>WhatsApp<\/strong> or <strong>SMS-em<\/strong>.<\/p>\n<\/p>\n<p>&#8221; _builder_version=&#8221;4.27.4&#8243; header_font=&#8221;||||||||&#8221; header_font_size=&#8221;45px&#8221; header_line_height=&#8221;1.5em&#8221; body_font=&#8221;||||||||&#8221; body_line_height=&#8221;2em&#8221; form_field_font=&#8221;||||||||&#8221; form_field_line_height=&#8221;1.5em&#8221; use_background_color=&#8221;off&#8221; custom_button=&#8221;on&#8221; button_text_size=&#8221;13px&#8221; button_text_color=&#8221;#2EC7B5&#8243; button_bg_color=&#8221;rgba(0,0,0,0)&#8221; button_bg_color_gradient_stops=&#8221;rgba(255,255,255,0) 95%|#8d8181 95%&#8221; button_bg_color_gradient_start=&#8221;rgba(255,255,255,0)&#8221; button_bg_color_gradient_start_position=&#8221;95%&#8221; button_bg_color_gradient_end=&#8221;#8d8181&#8243; button_bg_color_gradient_end_position=&#8221;95%&#8221; button_border_width=&#8221;0px&#8221; button_border_radius=&#8221;0px&#8221; button_font=&#8221;|600|||||||&#8221; button_icon=&#8221;&#xe03c;||divi||400&#8243; button_icon_placement=&#8221;left&#8221; background_layout=&#8221;light&#8221; max_width=&#8221;640px&#8221; custom_padding=&#8221;|10px|||false|false&#8221; header_font_size_tablet=&#8221;40px&#8221; header_font_size_phone=&#8221;28px&#8221; header_font_size_last_edited=&#8221;on|phone&#8221; border_radii_fields=&#8221;on|0px|0px|0px|0px&#8221; box_shadow_style_fields=&#8221;preset1&#8243; box_shadow_vertical_fields=&#8221;10px&#8221; box_shadow_blur_fields=&#8221;100px&#8221; box_shadow_spread_fields=&#8221;10px&#8221; box_shadow_color_fields=&#8221;#e4edea&#8221; global_colors_info=&#8221;{}&#8221; button_text_size__hover_enabled=&#8221;off&#8221; button_one_text_size__hover_enabled=&#8221;off&#8221; button_two_text_size__hover_enabled=&#8221;off&#8221; button_text_color__hover_enabled=&#8221;off&#8221; button_one_text_color__hover_enabled=&#8221;off&#8221; button_two_text_color__hover_enabled=&#8221;off&#8221; button_border_width__hover_enabled=&#8221;off&#8221; button_one_border_width__hover_enabled=&#8221;off&#8221; button_two_border_width__hover_enabled=&#8221;off&#8221; button_border_color__hover_enabled=&#8221;off&#8221; button_one_border_color__hover_enabled=&#8221;off&#8221; button_two_border_color__hover_enabled=&#8221;off&#8221; button_border_radius__hover_enabled=&#8221;off&#8221; button_one_border_radius__hover_enabled=&#8221;off&#8221; button_two_border_radius__hover_enabled=&#8221;off&#8221; button_letter_spacing__hover_enabled=&#8221;off&#8221; button_one_letter_spacing__hover_enabled=&#8221;off&#8221; button_two_letter_spacing__hover_enabled=&#8221;off&#8221; button_bg_color__hover_enabled=&#8221;off&#8221; button_one_bg_color__hover_enabled=&#8221;off&#8221; button_two_bg_color__hover_enabled=&#8221;off&#8221;][et_pb_signup_custom_field field_id=&#8221;f9cccade35&#8243; field_title=&#8221;Polityka prywatno\u015bci&#8221; field_type=&#8221;checkbox&#8221; checkbox_options=&#8221;%91{%22checked%22:0,%22value%22:%22Zgoda Marketingowa na wysy\u0142anie ofert promocyjnych, wi\u0119cej informacji w naszej polityce prywatno\u015bci.%22,%22id%22:%22de958a5492%22,%22dragID%22:-1}%93&#8243; _builder_version=&#8221;4.18.0&#8243; _module_preset=&#8221;default&#8221; global_colors_info=&#8221;{}&#8221; predefined_field=&#8221;f9cccade35&#8243;][\/et_pb_signup_custom_field][\/et_pb_signup][\/et_pb_column][et_pb_column type=&#8221;1_2&#8243; _builder_version=&#8221;4.18.0&#8243; custom_padding=&#8221;||||false|false&#8221; global_colors_info=&#8221;{}&#8221; custom_padding__hover=&#8221;|||&#8221;][et_pb_image src=&#8221;https:\/\/pretty-woman.pl\/wp-content\/uploads\/2026\/04\/Untitled-1.png&#8221; title_text=&#8221;Untitled&#8221; align_tablet=&#8221;center&#8221; align_phone=&#8221;center&#8221; align_last_edited=&#8221;on|desktop&#8221; disabled_on=&#8221;on|off|off&#8221; _builder_version=&#8221;4.27.4&#8243; z_index=&#8221;446&#8243; custom_margin=&#8221;-200px|-30%|||false|false&#8221; custom_margin_tablet=&#8221;0px|30%||&#8221; custom_margin_phone=&#8221;&#8221; custom_margin_last_edited=&#8221;on|phone&#8221; global_colors_info=&#8221;{}&#8221;][\/et_pb_image][\/et_pb_column][\/et_pb_row][\/et_pb_section]<\/p>","protected":false},"excerpt":{"rendered":"<p>Agnieszka Guzowska Jestem studentk\u0105 medycyny na kierunku lekarskim, a tak\u017ce opiekunk\u0105 medyczn\u0105, kt\u00f3ra z pe\u0142nym zaanga\u017cowaniem i trosk\u0105 podchodzi do ka\u017cdej klientki. Posiadam liczne certyfikaty i uko\u0144czy\u0142am wiele zaawansowanych szkole\u0144, aby zapewni\u0107 najwy\u017cszy poziom bezpiecze\u0144stwa oraz skuteczno\u015bci zabieg\u00f3w, kt\u00f3re wykonuj\u0119. Stale poszerzam swoj\u0105 wiedz\u0119, uczestnicz\u0105c w szkoleniach i konferencjach, poniewa\u017c bardzo mi zale\u017cy, aby ka\u017cda [&hellip;]<\/p>","protected":false},"author":2,"featured_media":0,"parent":0,"menu_order":0,"comment_status":"closed","ping_status":"closed","template":"","meta":{"_seopress_robots_primary_cat":"","_seopress_titles_title":"","_seopress_titles_desc":"","_seopress_robots_index":"","_et_pb_use_builder":"on","_et_pb_old_content":"<!-- wp:divi\/placeholder \/-->","_et_gb_content_width":"","footnotes":""},"class_list":["post-1020","page","type-page","status-publish","hentry"],"_links":{"self":[{"href":"https:\/\/pretty-woman.pl\/en\/wp-json\/wp\/v2\/pages\/1020","targetHints":{"allow":["GET"]}}],"collection":[{"href":"https:\/\/pretty-woman.pl\/en\/wp-json\/wp\/v2\/pages"}],"about":[{"href":"https:\/\/pretty-woman.pl\/en\/wp-json\/wp\/v2\/types\/page"}],"author":[{"embeddable":true,"href":"https:\/\/pretty-woman.pl\/en\/wp-json\/wp\/v2\/users\/2"}],"replies":[{"embeddable":true,"href":"https:\/\/pretty-woman.pl\/en\/wp-json\/wp\/v2\/comments?post=1020"}],"version-history":[{"count":5,"href":"https:\/\/pretty-woman.pl\/en\/wp-json\/wp\/v2\/pages\/1020\/revisions"}],"predecessor-version":[{"id":1193,"href":"https:\/\/pretty-woman.pl\/en\/wp-json\/wp\/v2\/pages\/1020\/revisions\/1193"}],"wp:attachment":[{"href":"https:\/\/pretty-woman.pl\/en\/wp-json\/wp\/v2\/media?parent=1020"}],"curies":[{"name":"wp","href":"https:\/\/api.w.org\/{rel}","templated":true}]}}